{"id":8222,"date":"2025-11-14T21:28:00","date_gmt":"2025-11-14T20:28:00","guid":{"rendered":"https:\/\/rhea-nellen-photography.ch\/?page_id=8222"},"modified":"2026-01-26T10:46:25","modified_gmt":"2026-01-26T09:46:25","slug":"wanderpfoten-zum-palpuognasee","status":"publish","type":"page","link":"https:\/\/rhea-nellen-photography.ch\/?page_id=8222","title":{"rendered":"Wanderpfoten zum Palpuognasee"},"content":{"rendered":"\n<h4 class=\"wp-block-heading has-text-align-center has-text-color\" style=\"color:#cf9c88\">Wanderpfoten unterwegs  zum Palpuognasee<\/h4>\n\n\n\n<p class=\"has-text-align-center has-background\" style=\"background-color:#faebe6\">Glasklares Wasser, umgeben von wundersch\u00f6nen L\u00e4rchen \u2013 das ist der Lai da Palpuogna!<br>Unsere Tour startet direkt am See, wo wir die ersten Fotos von eurem Hund und euch machen. Anschlie\u00dfend wandern wir ein St\u00fcck bergauf zu einem malerischen Wasserfall, an dem euer Hund perfekt in Szene gesetzt werden kann. Die letzten H\u00f6henmeter f\u00fchren uns zu den Lais Crap Alv. Die kleinen Seen, eingebettet in die Berge, bieten uns atemberaubende Fotomotive. Nach einer kurzen Pause geht es dann wieder bergab zur\u00fcck zum Palpuognasee.<br><br><strong>Wo:\u00a0<\/strong><br>Parkplatz Lai da Palpuogna &#8211; crap alv laiets &#8211; Parkplatz Lai da Palpuogna<br><sub>12 km L\u00e4nge und rund 600 H\u00f6henmeter.<br>Schwierigkeitsgrad mittel<\/sub><br><sub>Gute Trittsicherheit n\u00f6tig!<\/sub><\/p>\n\n\n\n<figure class=\"wp-block-image size-full\"><img loading=\"lazy\" decoding=\"async\" width=\"2000\" height=\"1334\" src=\"http:\/\/rhea-nellen-photography.ch\/wp-content\/uploads\/2026\/01\/rhean-nellen-tierfotoshooting-wandern-preda-fotowanderung-97.jpg\" alt=\"\" class=\"wp-image-9096\" srcset=\"https:\/\/rhea-nellen-photography.ch\/wp-content\/uploads\/2026\/01\/rhean-nellen-tierfotoshooting-wandern-preda-fotowanderung-97.jpg 2000w, https:\/\/rhea-nellen-photography.ch\/wp-content\/uploads\/2026\/01\/rhean-nellen-tierfotoshooting-wandern-preda-fotowanderung-97-595x397.jpg 595w, https:\/\/rhea-nellen-photography.ch\/wp-content\/uploads\/2026\/01\/rhean-nellen-tierfotoshooting-wandern-preda-fotowanderung-97-960x640.jpg 960w, https:\/\/rhea-nellen-photography.ch\/wp-content\/uploads\/2026\/01\/rhean-nellen-tierfotoshooting-wandern-preda-fotowanderung-97-1536x1025.jpg 1536w, https:\/\/rhea-nellen-photography.ch\/wp-content\/uploads\/2026\/01\/rhean-nellen-tierfotoshooting-wandern-preda-fotowanderung-97-90x60.jpg 90w, https:\/\/rhea-nellen-photography.ch\/wp-content\/uploads\/2026\/01\/rhean-nellen-tierfotoshooting-wandern-preda-fotowanderung-97-420x280.jpg 420w\" sizes=\"auto, (max-width: 2000px) 100vw, 2000px\" \/><\/figure>\n\n\n\n<p class=\"has-text-align-center\"><strong>Preis<\/strong><br><mark style=\"background-color:rgba(0, 0, 0, 0);color:#cf9c88\" class=\"has-inline-color\"><strong>1230.- Fr<\/strong><\/mark><sub><sub><br><\/sub><\/sub><br><strong><strong><strong>Dauer <\/strong><\/strong>reine Wanderung:<\/strong><br>4 Stunden 30 Minuten<br><br><strong><strong><strong>Dauer <\/strong><\/strong> mit Fotoshooting und Verpflegung:<\/strong><br>ca. 5-6 Stunden<\/p>\n\n\n\n<div class=\"wp-block-buttons is-content-justification-center is-layout-flex wp-container-core-buttons-is-layout-16018d1d wp-block-buttons-is-layout-flex\">\n<div class=\"wp-block-button is-style-outline is-style-outline--1\"><a class=\"wp-block-button__link has-black-color has-text-color has-background has-link-color has-text-align-center wp-element-button\" href=\"https:\/\/rhea-nellen-photography.ch\/?page_id=26\" style=\"background-color:#faebe6\">Jetzt buchen!<\/a><\/div>\n<\/div>\n\n\n\n<div style=\"height:19px\" aria-hidden=\"true\" class=\"wp-block-spacer\"><\/div>\n\n\n\n<p class=\"has-text-align-center\"><em>Bei einer Anmeldung stimmst du meinen <a href=\"https:\/\/rhea-nellen-photography.ch\/?page_id=6196\">AGBs<\/a> zu.<\/em><\/p>\n\n\n<style type=\"text\/css\">\n#foogallery-gallery-7538.fg-justified .fg-item { margin-right: 2px; margin-bottom: 2px; }\n#foogallery-gallery-7538.fg-justified .fg-image { height: 200px; }<\/style>\n\t\t\t<div class=\"foogallery foogallery-container foogallery-justified foogallery-lightbox-none fg-justified fg-ready fg-light fg-shadow-outline fg-loading-default fg-loaded-fade-in\" id=\"foogallery-gallery-7538\" data-foogallery=\"{&quot;item&quot;:{&quot;showCaptionTitle&quot;:true,&quot;showCaptionDescription&quot;:false},&quot;lazy&quot;:true,&quot;template&quot;:{&quot;rowHeight&quot;:200,&quot;maxRowHeight&quot;:300,&quot;margins&quot;:2,&quot;align&quot;:&quot;center&quot;,&quot;lastRow&quot;:&quot;smart&quot;}}\" style=\"--fg-title-line-clamp: 1; --fg-description-line-clamp: 2;\" >\n\t<div class=\"fg-item fg-type-image fg-idle\"><figure class=\"fg-item-inner\"><a data-attachment-id=\"9096\" data-type=\"image\" class=\"fg-thumb\"><span class=\"fg-image-wrap\"><img fetchpriority=\"high\" decoding=\"async\" height=\"300\" width=\"450\" class=\"skip-lazy fg-image\" data-src-fg=\"https:\/\/rhea-nellen-photography.ch\/wp-content\/uploads\/cache\/2026\/01\/rhean-nellen-tierfotoshooting-wandern-preda-fotowanderung-97\/410223280.jpg\" src=\"data:image\/svg+xml,%3Csvg%20xmlns%3D%22http%3A%2F%2Fwww.w3.org%2F2000%2Fsvg%22%20width%3D%22450%22%20height%3D%22300%22%20viewBox%3D%220%200%20450%20300%22%3E%3C%2Fsvg%3E\" loading=\"eager\"><\/span><span class=\"fg-image-overlay\"><\/span><\/a><\/figure><div class=\"fg-loader\"><\/div><\/div><div class=\"fg-item fg-type-image fg-idle\"><figure class=\"fg-item-inner\"><a data-attachment-id=\"8970\" data-type=\"image\" class=\"fg-thumb\"><span class=\"fg-image-wrap\"><img decoding=\"async\" height=\"300\" width=\"450\" class=\"skip-lazy fg-image\" data-src-fg=\"https:\/\/rhea-nellen-photography.ch\/wp-content\/uploads\/cache\/2020\/09\/rhean-nellen-tierfotoshooting-finnischer-lapphund-fotoshooting-59\/954660065.jpg\" src=\"data:image\/svg+xml,%3Csvg%20xmlns%3D%22http%3A%2F%2Fwww.w3.org%2F2000%2Fsvg%22%20width%3D%22450%22%20height%3D%22300%22%20viewBox%3D%220%200%20450%20300%22%3E%3C%2Fsvg%3E\" loading=\"eager\"><\/span><span class=\"fg-image-overlay\"><\/span><\/a><\/figure><div class=\"fg-loader\"><\/div><\/div><div class=\"fg-item fg-type-image fg-idle\"><figure class=\"fg-item-inner\"><a data-attachment-id=\"9041\" data-type=\"image\" class=\"fg-thumb\"><span class=\"fg-image-wrap\"><img decoding=\"async\" height=\"300\" width=\"200\" class=\"skip-lazy fg-image\" data-src-fg=\"https:\/\/rhea-nellen-photography.ch\/wp-content\/uploads\/cache\/2026\/01\/rhean-nellen-tierfotoshooting-wasser-foto-hund-66\/459658730.jpg\" src=\"data:image\/svg+xml,%3Csvg%20xmlns%3D%22http%3A%2F%2Fwww.w3.org%2F2000%2Fsvg%22%20width%3D%22200%22%20height%3D%22300%22%20viewBox%3D%220%200%20200%20300%22%3E%3C%2Fsvg%3E\" loading=\"eager\"><\/span><span class=\"fg-image-overlay\"><\/span><\/a><\/figure><div class=\"fg-loader\"><\/div><\/div><div class=\"fg-item fg-type-image fg-idle\"><figure class=\"fg-item-inner\"><a data-attachment-id=\"9039\" data-type=\"image\" class=\"fg-thumb\"><span class=\"fg-image-wrap\"><img decoding=\"async\" height=\"300\" width=\"450\" class=\"skip-lazy fg-image\" data-src-fg=\"https:\/\/rhea-nellen-photography.ch\/wp-content\/uploads\/cache\/2026\/01\/rhean-nellen-tierfotoshooting-wasserfall-fotoshooting-hund-aussie-67\/1018616795.jpg\" src=\"data:image\/svg+xml,%3Csvg%20xmlns%3D%22http%3A%2F%2Fwww.w3.org%2F2000%2Fsvg%22%20width%3D%22450%22%20height%3D%22300%22%20viewBox%3D%220%200%20450%20300%22%3E%3C%2Fsvg%3E\" loading=\"eager\"><\/span><span class=\"fg-image-overlay\"><\/span><\/a><\/figure><div class=\"fg-loader\"><\/div><\/div><div class=\"fg-item fg-type-image fg-idle\"><figure class=\"fg-item-inner\"><a data-attachment-id=\"9051\" data-type=\"image\" class=\"fg-thumb\"><span class=\"fg-image-wrap\"><img decoding=\"async\" height=\"300\" width=\"450\" class=\"skip-lazy fg-image\" data-src-fg=\"https:\/\/rhea-nellen-photography.ch\/wp-content\/uploads\/cache\/2026\/01\/rhean-nellen-tierfotoshooting-bergen-fotoshooting-hund-viszla-57\/4252911337.jpg\" src=\"data:image\/svg+xml,%3Csvg%20xmlns%3D%22http%3A%2F%2Fwww.w3.org%2F2000%2Fsvg%22%20width%3D%22450%22%20height%3D%22300%22%20viewBox%3D%220%200%20450%20300%22%3E%3C%2Fsvg%3E\" loading=\"eager\"><\/span><span class=\"fg-image-overlay\"><\/span><\/a><\/figure><div class=\"fg-loader\"><\/div><\/div><\/div>\n\n\n\n\n<p><\/p>\n","protected":false},"excerpt":{"rendered":"<p>Wanderpfoten unterwegs zum Palpuognasee Glasklares Wasser, umgeben von wundersch\u00f6nen L\u00e4rchen \u2013 das ist der Lai da Palpuogna!Unsere Tour startet direkt am See, wo wir die &hellip; <\/p>\n","protected":false},"author":1,"featured_media":0,"parent":8208,"menu_order":0,"comment_status":"closed","ping_status":"closed","template":"","meta":{"footnotes":""},"class_list":["post-8222","page","type-page","status-publish","hentry","latest_post"],"yoast_head":"<!-- This site is optimized with the Yoast SEO plugin v26.8 - https:\/\/yoast.com\/product\/yoast-seo-wordpress\/ -->\n<title>Wanderpfoten zum Palpuognasee -<\/title>\n<meta name=\"robots\" content=\"index, follow, max-snippet:-1, max-image-preview:large, max-video-preview:-1\" \/>\n<link rel=\"canonical\" href=\"https:\/\/rhea-nellen-photography.ch\/?page_id=8222\" \/>\n<meta property=\"og:locale\" content=\"de_DE\" \/>\n<meta property=\"og:type\" content=\"article\" \/>\n<meta property=\"og:title\" content=\"Wanderpfoten zum Palpuognasee -\" \/>\n<meta property=\"og:description\" content=\"Wanderpfoten unterwegs zum Palpuognasee Glasklares Wasser, umgeben von wundersch\u00f6nen L\u00e4rchen \u2013 das ist der Lai da Palpuogna!Unsere Tour startet direkt am See, wo wir die &hellip;\" \/>\n<meta property=\"og:url\" content=\"https:\/\/rhea-nellen-photography.ch\/?page_id=8222\" \/>\n<meta property=\"article:publisher\" content=\"https:\/\/www.facebook.com\/rhea.nellen\/\" \/>\n<meta property=\"article:modified_time\" content=\"2026-01-26T09:46:25+00:00\" \/>\n<meta property=\"og:image\" content=\"https:\/\/rhea-nellen-photography.ch\/wp-content\/uploads\/2026\/01\/rhean-nellen-tierfotoshooting-wandern-preda-fotowanderung-97-960x640.jpg\" \/>\n\t<meta property=\"og:image:width\" content=\"960\" \/>\n\t<meta property=\"og:image:height\" content=\"640\" \/>\n\t<meta property=\"og:image:type\" content=\"image\/jpeg\" \/>\n<meta name=\"twitter:card\" content=\"summary_large_image\" \/>\n<meta name=\"twitter:label1\" content=\"Gesch\u00e4tzte Lesezeit\" \/>\n\t<meta name=\"twitter:data1\" content=\"1\u00a0Minute\" \/>\n<script type=\"application\/ld+json\" class=\"yoast-schema-graph\">{\"@context\":\"https:\/\/schema.org\",\"@graph\":[{\"@type\":\"WebPage\",\"@id\":\"https:\/\/rhea-nellen-photography.ch\/?page_id=8222\",\"url\":\"https:\/\/rhea-nellen-photography.ch\/?page_id=8222\",\"name\":\"Wanderpfoten zum Palpuognasee -\",\"isPartOf\":{\"@id\":\"https:\/\/rhea-nellen-photography.ch\/#website\"},\"primaryImageOfPage\":{\"@id\":\"https:\/\/rhea-nellen-photography.ch\/?page_id=8222#primaryimage\"},\"image\":{\"@id\":\"https:\/\/rhea-nellen-photography.ch\/?page_id=8222#primaryimage\"},\"thumbnailUrl\":\"http:\/\/rhea-nellen-photography.ch\/wp-content\/uploads\/2026\/01\/rhean-nellen-tierfotoshooting-wandern-preda-fotowanderung-97.jpg\",\"datePublished\":\"2025-11-14T20:28:00+00:00\",\"dateModified\":\"2026-01-26T09:46:25+00:00\",\"breadcrumb\":{\"@id\":\"https:\/\/rhea-nellen-photography.ch\/?page_id=8222#breadcrumb\"},\"inLanguage\":\"de\",\"potentialAction\":[{\"@type\":\"ReadAction\",\"target\":[\"https:\/\/rhea-nellen-photography.ch\/?page_id=8222\"]}]},{\"@type\":\"ImageObject\",\"inLanguage\":\"de\",\"@id\":\"https:\/\/rhea-nellen-photography.ch\/?page_id=8222#primaryimage\",\"url\":\"https:\/\/rhea-nellen-photography.ch\/wp-content\/uploads\/2026\/01\/rhean-nellen-tierfotoshooting-wandern-preda-fotowanderung-97.jpg\",\"contentUrl\":\"https:\/\/rhea-nellen-photography.ch\/wp-content\/uploads\/2026\/01\/rhean-nellen-tierfotoshooting-wandern-preda-fotowanderung-97.jpg\",\"width\":2000,\"height\":1334},{\"@type\":\"BreadcrumbList\",\"@id\":\"https:\/\/rhea-nellen-photography.ch\/?page_id=8222#breadcrumb\",\"itemListElement\":[{\"@type\":\"ListItem\",\"position\":1,\"name\":\"Startseite\",\"item\":\"https:\/\/rhea-nellen-photography.ch\/\"},{\"@type\":\"ListItem\",\"position\":2,\"name\":\"Mein Angebot\",\"item\":\"https:\/\/rhea-nellen-photography.ch\/?page_id=5757\"},{\"@type\":\"ListItem\",\"position\":3,\"name\":\"Wanderpfoten \u2013 Unterwegs mit dir &amp; deinem Hund\",\"item\":\"https:\/\/rhea-nellen-photography.ch\/?page_id=8208\"},{\"@type\":\"ListItem\",\"position\":4,\"name\":\"Wanderpfoten zum Palpuognasee\"}]},{\"@type\":\"WebSite\",\"@id\":\"https:\/\/rhea-nellen-photography.ch\/#website\",\"url\":\"https:\/\/rhea-nellen-photography.ch\/\",\"name\":\"\",\"description\":\"Hundefotografie und Pferdefotografie in der Schweiz\",\"publisher\":{\"@id\":\"https:\/\/rhea-nellen-photography.ch\/#\/schema\/person\/2d6ba87bba45ccebcb1bd8237751806d\"},\"potentialAction\":[{\"@type\":\"SearchAction\",\"target\":{\"@type\":\"EntryPoint\",\"urlTemplate\":\"https:\/\/rhea-nellen-photography.ch\/?s={search_term_string}\"},\"query-input\":{\"@type\":\"PropertyValueSpecification\",\"valueRequired\":true,\"valueName\":\"search_term_string\"}}],\"inLanguage\":\"de\"},{\"@type\":[\"Person\",\"Organization\"],\"@id\":\"https:\/\/rhea-nellen-photography.ch\/#\/schema\/person\/2d6ba87bba45ccebcb1bd8237751806d\",\"name\":\"Rhea\",\"image\":{\"@type\":\"ImageObject\",\"inLanguage\":\"de\",\"@id\":\"https:\/\/rhea-nellen-photography.ch\/#\/schema\/person\/image\/\",\"url\":\"https:\/\/rhea-nellen-photography.ch\/wp-content\/uploads\/2025\/01\/cropped-Tierfotografie-Logo-schwarz.png\",\"contentUrl\":\"https:\/\/rhea-nellen-photography.ch\/wp-content\/uploads\/2025\/01\/cropped-Tierfotografie-Logo-schwarz.png\",\"width\":1618,\"height\":775,\"caption\":\"Rhea\"},\"logo\":{\"@id\":\"https:\/\/rhea-nellen-photography.ch\/#\/schema\/person\/image\/\"},\"sameAs\":[\"https:\/\/www.facebook.com\/rhea.nellen\/\",\"https:\/\/www.instagram.com\/rhea_nellen_dog_photography\/\"]}]}<\/script>\n<!-- \/ Yoast SEO plugin. -->","yoast_head_json":{"title":"Wanderpfoten zum Palpuognasee -","robots":{"index":"index","follow":"follow","max-snippet":"max-snippet:-1","max-image-preview":"max-image-preview:large","max-video-preview":"max-video-preview:-1"},"canonical":"https:\/\/rhea-nellen-photography.ch\/?page_id=8222","og_locale":"de_DE","og_type":"article","og_title":"Wanderpfoten zum Palpuognasee -","og_description":"Wanderpfoten unterwegs zum Palpuognasee Glasklares Wasser, umgeben von wundersch\u00f6nen L\u00e4rchen \u2013 das ist der Lai da Palpuogna!Unsere Tour startet direkt am See, wo wir die &hellip;","og_url":"https:\/\/rhea-nellen-photography.ch\/?page_id=8222","article_publisher":"https:\/\/www.facebook.com\/rhea.nellen\/","article_modified_time":"2026-01-26T09:46:25+00:00","og_image":[{"width":960,"height":640,"url":"https:\/\/rhea-nellen-photography.ch\/wp-content\/uploads\/2026\/01\/rhean-nellen-tierfotoshooting-wandern-preda-fotowanderung-97-960x640.jpg","type":"image\/jpeg"}],"twitter_card":"summary_large_image","twitter_misc":{"Gesch\u00e4tzte Lesezeit":"1\u00a0Minute"},"schema":{"@context":"https:\/\/schema.org","@graph":[{"@type":"WebPage","@id":"https:\/\/rhea-nellen-photography.ch\/?page_id=8222","url":"https:\/\/rhea-nellen-photography.ch\/?page_id=8222","name":"Wanderpfoten zum Palpuognasee -","isPartOf":{"@id":"https:\/\/rhea-nellen-photography.ch\/#website"},"primaryImageOfPage":{"@id":"https:\/\/rhea-nellen-photography.ch\/?page_id=8222#primaryimage"},"image":{"@id":"https:\/\/rhea-nellen-photography.ch\/?page_id=8222#primaryimage"},"thumbnailUrl":"http:\/\/rhea-nellen-photography.ch\/wp-content\/uploads\/2026\/01\/rhean-nellen-tierfotoshooting-wandern-preda-fotowanderung-97.jpg","datePublished":"2025-11-14T20:28:00+00:00","dateModified":"2026-01-26T09:46:25+00:00","breadcrumb":{"@id":"https:\/\/rhea-nellen-photography.ch\/?page_id=8222#breadcrumb"},"inLanguage":"de","potentialAction":[{"@type":"ReadAction","target":["https:\/\/rhea-nellen-photography.ch\/?page_id=8222"]}]},{"@type":"ImageObject","inLanguage":"de","@id":"https:\/\/rhea-nellen-photography.ch\/?page_id=8222#primaryimage","url":"https:\/\/rhea-nellen-photography.ch\/wp-content\/uploads\/2026\/01\/rhean-nellen-tierfotoshooting-wandern-preda-fotowanderung-97.jpg","contentUrl":"https:\/\/rhea-nellen-photography.ch\/wp-content\/uploads\/2026\/01\/rhean-nellen-tierfotoshooting-wandern-preda-fotowanderung-97.jpg","width":2000,"height":1334},{"@type":"BreadcrumbList","@id":"https:\/\/rhea-nellen-photography.ch\/?page_id=8222#breadcrumb","itemListElement":[{"@type":"ListItem","position":1,"name":"Startseite","item":"https:\/\/rhea-nellen-photography.ch\/"},{"@type":"ListItem","position":2,"name":"Mein Angebot","item":"https:\/\/rhea-nellen-photography.ch\/?page_id=5757"},{"@type":"ListItem","position":3,"name":"Wanderpfoten \u2013 Unterwegs mit dir &amp; deinem Hund","item":"https:\/\/rhea-nellen-photography.ch\/?page_id=8208"},{"@type":"ListItem","position":4,"name":"Wanderpfoten zum Palpuognasee"}]},{"@type":"WebSite","@id":"https:\/\/rhea-nellen-photography.ch\/#website","url":"https:\/\/rhea-nellen-photography.ch\/","name":"","description":"Hundefotografie und Pferdefotografie in der Schweiz","publisher":{"@id":"https:\/\/rhea-nellen-photography.ch\/#\/schema\/person\/2d6ba87bba45ccebcb1bd8237751806d"},"potentialAction":[{"@type":"SearchAction","target":{"@type":"EntryPoint","urlTemplate":"https:\/\/rhea-nellen-photography.ch\/?s={search_term_string}"},"query-input":{"@type":"PropertyValueSpecification","valueRequired":true,"valueName":"search_term_string"}}],"inLanguage":"de"},{"@type":["Person","Organization"],"@id":"https:\/\/rhea-nellen-photography.ch\/#\/schema\/person\/2d6ba87bba45ccebcb1bd8237751806d","name":"Rhea","image":{"@type":"ImageObject","inLanguage":"de","@id":"https:\/\/rhea-nellen-photography.ch\/#\/schema\/person\/image\/","url":"https:\/\/rhea-nellen-photography.ch\/wp-content\/uploads\/2025\/01\/cropped-Tierfotografie-Logo-schwarz.png","contentUrl":"https:\/\/rhea-nellen-photography.ch\/wp-content\/uploads\/2025\/01\/cropped-Tierfotografie-Logo-schwarz.png","width":1618,"height":775,"caption":"Rhea"},"logo":{"@id":"https:\/\/rhea-nellen-photography.ch\/#\/schema\/person\/image\/"},"sameAs":["https:\/\/www.facebook.com\/rhea.nellen\/","https:\/\/www.instagram.com\/rhea_nellen_dog_photography\/"]}]}},"_links":{"self":[{"href":"https:\/\/rhea-nellen-photography.ch\/index.php?rest_route=\/wp\/v2\/pages\/8222","targetHints":{"allow":["GET"]}}],"collection":[{"href":"https:\/\/rhea-nellen-photography.ch\/index.php?rest_route=\/wp\/v2\/pages"}],"about":[{"href":"https:\/\/rhea-nellen-photography.ch\/index.php?rest_route=\/wp\/v2\/types\/page"}],"author":[{"embeddable":true,"href":"https:\/\/rhea-nellen-photography.ch\/index.php?rest_route=\/wp\/v2\/users\/1"}],"replies":[{"embeddable":true,"href":"https:\/\/rhea-nellen-photography.ch\/index.php?rest_route=%2Fwp%2Fv2%2Fcomments&post=8222"}],"version-history":[{"count":5,"href":"https:\/\/rhea-nellen-photography.ch\/index.php?rest_route=\/wp\/v2\/pages\/8222\/revisions"}],"predecessor-version":[{"id":9292,"href":"https:\/\/rhea-nellen-photography.ch\/index.php?rest_route=\/wp\/v2\/pages\/8222\/revisions\/9292"}],"up":[{"embeddable":true,"href":"https:\/\/rhea-nellen-photography.ch\/index.php?rest_route=\/wp\/v2\/pages\/8208"}],"wp:attachment":[{"href":"https:\/\/rhea-nellen-photography.ch\/index.php?rest_route=%2Fwp%2Fv2%2Fmedia&parent=8222"}],"curies":[{"name":"wp","href":"https:\/\/api.w.org\/{rel}","templated":true}]}}