{"id":8205,"date":"2025-11-14T20:56:09","date_gmt":"2025-11-14T19:56:09","guid":{"rendered":"https:\/\/rhea-nellen-photography.ch\/?page_id=8205"},"modified":"2026-01-26T11:54:53","modified_gmt":"2026-01-26T10:54:53","slug":"mehrtaegige-fotoshooting-abenteuer","status":"publish","type":"page","link":"https:\/\/rhea-nellen-photography.ch\/?page_id=8205","title":{"rendered":"Mehrt\u00e4gige Fotoshooting Abenteuer"},"content":{"rendered":"\n<h3 class=\"wp-block-heading has-text-align-center has-text-color\" style=\"color:#cf9c88\">Mehrt\u00e4gige Fotoshooting Abenteuer<\/h3>\n\n\n\n<p class=\"has-text-align-center\">Erlebt unvergessliche Abenteuer mit eurem Hund bei meinen mehrt\u00e4gigen Fotoshooting-Reisen. Gemeinsam mit einer kleinen Gruppe erkunden wir atemberaubende Landschaften, halten besondere Momente fest und genie\u00dfen die Natur in ihrer ganzen Sch\u00f6nheit.<br>Diese Abenteuerreisen finden in eurer pers\u00f6nlichen Gruppe statt. Kommt mit Familie, oder Freunden und wir gestaltet eure gemeinsame Zeit in der Natur.<\/p>\n\n\n\n<p class=\"has-text-align-center\">Aktuell k\u00f6nnt ihr zwischen traumhaften Regionen w\u00e4hlen: <strong>S\u00fcdtirol, Zermatt, Engadin<\/strong> oder <strong>Appenzell<\/strong>. Wir verbringen 2 bis 3 Tage mit Wandern, Entdecken und Fotografie. Dabei entstehen Fotos von eurem Hund und von euch gemeinsam. Ich plane jede Tour sorgf\u00e4ltig und achte darauf, dass wir an viele wundersch\u00f6ne Fotolocations vorbei kommen. So entstehen abwechslungsreiche und eindrucksvolle Fotos.<\/p>\n\n\n\n<p class=\"has-text-align-center\">Die Touren bieten unvergessliche Momente vor spektakul\u00e4ren Landschaften und schaffen Erinnerungen, die ein Leben lang bleiben. Dieses Erlebnis ist perfekt f\u00fcr alle, die Abenteuer und die Natur lieben und besondere Momente mit ihrem Hund festhalten m\u00f6chten.<\/p>\n\n\n\n<p class=\"has-text-align-center\">In den Prospekten erfahrt ihr alles zu Preisen und Angeboten und bekommt einen Einblick in die Locations.<\/p>\n\n\n\n<h3 class=\"wp-block-heading\"><strong>Prospekte:<\/strong><\/h3>\n\n\n\n<div class=\"wp-block-columns is-layout-flex wp-container-core-columns-is-layout-9d6595d7 wp-block-columns-is-layout-flex\">\n<div class=\"wp-block-column is-vertically-aligned-top is-layout-flow wp-block-column-is-layout-flow\">\n<p class=\"has-text-align-center has-background\" style=\"background-color:#faebe63b\"><a href=\"https:\/\/rhea-nellen-photography.ch\/?page_id=8224\"><strong><strong><a href=\"http:\/\/rhea-nellen-photography.ch\/wp-content\/uploads\/2025\/12\/Abenteuer-Suedtirol.pdf\" target=\"_blank\" rel=\"noreferrer noopener\">S\u00fcdtirol<\/a><\/strong><\/strong><\/a><\/p>\n\n\n\n<figure class=\"wp-block-image size-large\"><img loading=\"lazy\" decoding=\"async\" width=\"960\" height=\"1439\" src=\"http:\/\/rhea-nellen-photography.ch\/wp-content\/uploads\/2026\/01\/rhean-nellen-tierfotoshooting-suedtirol-hund-fotoshooting-wanderung-136-960x1439.jpg\" alt=\"\" class=\"wp-image-9035\" srcset=\"https:\/\/rhea-nellen-photography.ch\/wp-content\/uploads\/2026\/01\/rhean-nellen-tierfotoshooting-suedtirol-hund-fotoshooting-wanderung-136-960x1439.jpg 960w, https:\/\/rhea-nellen-photography.ch\/wp-content\/uploads\/2026\/01\/rhean-nellen-tierfotoshooting-suedtirol-hund-fotoshooting-wanderung-136-595x892.jpg 595w, https:\/\/rhea-nellen-photography.ch\/wp-content\/uploads\/2026\/01\/rhean-nellen-tierfotoshooting-suedtirol-hund-fotoshooting-wanderung-136-1025x1536.jpg 1025w, https:\/\/rhea-nellen-photography.ch\/wp-content\/uploads\/2026\/01\/rhean-nellen-tierfotoshooting-suedtirol-hund-fotoshooting-wanderung-136-40x60.jpg 40w, https:\/\/rhea-nellen-photography.ch\/wp-content\/uploads\/2026\/01\/rhean-nellen-tierfotoshooting-suedtirol-hund-fotoshooting-wanderung-136.jpg 1334w\" sizes=\"auto, (max-width: 960px) 100vw, 960px\" \/><\/figure>\n<\/div>\n\n\n\n<div class=\"wp-block-column is-vertically-aligned-top is-layout-flow wp-block-column-is-layout-flow\">\n<p class=\"has-text-align-center has-background\" style=\"background-color:#faebe694\"><strong><a href=\"https:\/\/rhea-nellen-photography.ch\/?page_id=8225\"><strong><a href=\"http:\/\/rhea-nellen-photography.ch\/wp-content\/uploads\/2025\/12\/Abenteuer-Zermatt.pdf\" target=\"_blank\" rel=\"noreferrer noopener\">Zermatt<\/a><\/strong><\/a><\/strong><\/p>\n\n\n\n<figure class=\"wp-block-image size-large\"><img loading=\"lazy\" decoding=\"async\" width=\"960\" height=\"1439\" src=\"http:\/\/rhea-nellen-photography.ch\/wp-content\/uploads\/2026\/01\/hunde-fruehling-fotoshooting-rhean-nellen-tierfotoshooting-960x1439.jpg\" alt=\"\" class=\"wp-image-9045\" srcset=\"https:\/\/rhea-nellen-photography.ch\/wp-content\/uploads\/2026\/01\/hunde-fruehling-fotoshooting-rhean-nellen-tierfotoshooting-960x1439.jpg 960w, https:\/\/rhea-nellen-photography.ch\/wp-content\/uploads\/2026\/01\/hunde-fruehling-fotoshooting-rhean-nellen-tierfotoshooting-595x892.jpg 595w, https:\/\/rhea-nellen-photography.ch\/wp-content\/uploads\/2026\/01\/hunde-fruehling-fotoshooting-rhean-nellen-tierfotoshooting-1025x1536.jpg 1025w, https:\/\/rhea-nellen-photography.ch\/wp-content\/uploads\/2026\/01\/hunde-fruehling-fotoshooting-rhean-nellen-tierfotoshooting-40x60.jpg 40w, https:\/\/rhea-nellen-photography.ch\/wp-content\/uploads\/2026\/01\/hunde-fruehling-fotoshooting-rhean-nellen-tierfotoshooting.jpg 1334w\" sizes=\"auto, (max-width: 960px) 100vw, 960px\" \/><\/figure>\n<\/div>\n\n\n\n<div class=\"wp-block-column is-vertically-aligned-top is-layout-flow wp-block-column-is-layout-flow\">\n<p class=\"has-text-align-center has-background\" style=\"background-color:#faebe63b\"><strong><a href=\"https:\/\/rhea-nellen-photography.ch\/?page_id=8222\"><strong><a href=\"http:\/\/rhea-nellen-photography.ch\/wp-content\/uploads\/2025\/12\/Abenteuer-Engadin.pdf\" target=\"_blank\" rel=\"noreferrer noopener\">Engadin<\/a><\/strong><\/a><\/strong><\/p>\n\n\n\n<figure class=\"wp-block-image size-large\"><img loading=\"lazy\" decoding=\"async\" width=\"960\" height=\"1440\" src=\"http:\/\/rhea-nellen-photography.ch\/wp-content\/uploads\/2026\/01\/rhean-nellen-tierfotoshooting-wasser-foto-hund-66-960x1440.jpg\" alt=\"\" class=\"wp-image-9041\" srcset=\"https:\/\/rhea-nellen-photography.ch\/wp-content\/uploads\/2026\/01\/rhean-nellen-tierfotoshooting-wasser-foto-hund-66-960x1440.jpg 960w, https:\/\/rhea-nellen-photography.ch\/wp-content\/uploads\/2026\/01\/rhean-nellen-tierfotoshooting-wasser-foto-hund-66-595x893.jpg 595w, https:\/\/rhea-nellen-photography.ch\/wp-content\/uploads\/2026\/01\/rhean-nellen-tierfotoshooting-wasser-foto-hund-66-1024x1536.jpg 1024w, https:\/\/rhea-nellen-photography.ch\/wp-content\/uploads\/2026\/01\/rhean-nellen-tierfotoshooting-wasser-foto-hund-66-40x60.jpg 40w, https:\/\/rhea-nellen-photography.ch\/wp-content\/uploads\/2026\/01\/rhean-nellen-tierfotoshooting-wasser-foto-hund-66.jpg 1333w\" sizes=\"auto, (max-width: 960px) 100vw, 960px\" \/><\/figure>\n<\/div>\n\n\n\n<div class=\"wp-block-column is-vertically-aligned-top is-layout-flow wp-block-column-is-layout-flow\">\n<p class=\"has-text-align-center has-background\" style=\"background-color:#faebe694\"><strong><a href=\"https:\/\/rhea-nellen-photography.ch\/?page_id=8225\"><strong><a href=\"http:\/\/rhea-nellen-photography.ch\/wp-content\/uploads\/2025\/12\/Abenteuer-Appenzell.pdf\" target=\"_blank\" rel=\"noreferrer noopener\">Appenzell<\/a><\/strong><\/a><\/strong><\/p>\n\n\n\n<figure class=\"wp-block-image size-large\"><img loading=\"lazy\" decoding=\"async\" width=\"960\" height=\"1439\" src=\"http:\/\/rhea-nellen-photography.ch\/wp-content\/uploads\/2020\/09\/fotowanderung-seeapsee-besitzer-hund-sommer-33-960x1439.jpg\" alt=\"\" class=\"wp-image-8823\" srcset=\"https:\/\/rhea-nellen-photography.ch\/wp-content\/uploads\/2020\/09\/fotowanderung-seeapsee-besitzer-hund-sommer-33-960x1439.jpg 960w, https:\/\/rhea-nellen-photography.ch\/wp-content\/uploads\/2020\/09\/fotowanderung-seeapsee-besitzer-hund-sommer-33-595x892.jpg 595w, https:\/\/rhea-nellen-photography.ch\/wp-content\/uploads\/2020\/09\/fotowanderung-seeapsee-besitzer-hund-sommer-33-1025x1536.jpg 1025w, https:\/\/rhea-nellen-photography.ch\/wp-content\/uploads\/2020\/09\/fotowanderung-seeapsee-besitzer-hund-sommer-33-40x60.jpg 40w, https:\/\/rhea-nellen-photography.ch\/wp-content\/uploads\/2020\/09\/fotowanderung-seeapsee-besitzer-hund-sommer-33.jpg 1334w\" sizes=\"auto, (max-width: 960px) 100vw, 960px\" \/><\/figure>\n<\/div>\n<\/div>\n\n\n\n<p><\/p>\n\n\n\n<p>Ihr habt fragen? Dann&nbsp;<a href=\"https:\/\/rhea-nellen-photography.ch\/?page_id=26\">kontaktiert&nbsp;<\/a>mich einfach per Mail oder Whatsapp!<br>Wenn ihr eine Reise an einen anderen Ort planen m\u00f6chtet, k\u00f6nnt ihr euch jederzeit gerne bei mir melden.<\/p>\n\n\n\n<div class=\"wp-block-buttons is-content-justification-center is-layout-flex wp-container-core-buttons-is-layout-16018d1d wp-block-buttons-is-layout-flex\">\n<div class=\"wp-block-button is-style-outline is-style-outline--1\"><a class=\"wp-block-button__link has-black-color has-text-color has-background wp-element-button\" href=\"http:\/\/rhea-nellen-photography.ch\/?page_id=26\" style=\"background-color:#faebe6\"><strong>Abenteuer buchen<\/strong>!<\/a><\/div>\n<\/div>\n\n\n\n<p><\/p>\n","protected":false},"excerpt":{"rendered":"<p>Mehrt\u00e4gige Fotoshooting Abenteuer Erlebt unvergessliche Abenteuer mit eurem Hund bei meinen mehrt\u00e4gigen Fotoshooting-Reisen. Gemeinsam mit einer kleinen Gruppe erkunden wir atemberaubende Landschaften, halten besondere Momente &hellip; <\/p>\n","protected":false},"author":1,"featured_media":0,"parent":5757,"menu_order":0,"comment_status":"closed","ping_status":"closed","template":"","meta":{"footnotes":""},"class_list":["post-8205","page","type-page","status-publish","hentry","latest_post"],"yoast_head":"<!-- This site is optimized with the Yoast SEO plugin v26.8 - https:\/\/yoast.com\/product\/yoast-seo-wordpress\/ -->\n<title>Mehrt\u00e4gige Fotoshooting Abenteuer -<\/title>\n<meta name=\"robots\" content=\"index, follow, max-snippet:-1, max-image-preview:large, max-video-preview:-1\" \/>\n<link rel=\"canonical\" href=\"https:\/\/rhea-nellen-photography.ch\/?page_id=8205\" \/>\n<meta property=\"og:locale\" content=\"de_DE\" \/>\n<meta property=\"og:type\" content=\"article\" \/>\n<meta property=\"og:title\" content=\"Mehrt\u00e4gige Fotoshooting Abenteuer -\" \/>\n<meta property=\"og:description\" content=\"Mehrt\u00e4gige Fotoshooting Abenteuer Erlebt unvergessliche Abenteuer mit eurem Hund bei meinen mehrt\u00e4gigen Fotoshooting-Reisen. Gemeinsam mit einer kleinen Gruppe erkunden wir atemberaubende Landschaften, halten besondere Momente &hellip;\" \/>\n<meta property=\"og:url\" content=\"https:\/\/rhea-nellen-photography.ch\/?page_id=8205\" \/>\n<meta property=\"article:publisher\" content=\"https:\/\/www.facebook.com\/rhea.nellen\/\" \/>\n<meta property=\"article:modified_time\" content=\"2026-01-26T10:54:53+00:00\" \/>\n<meta property=\"og:image\" content=\"https:\/\/rhea-nellen-photography.ch\/wp-content\/uploads\/2026\/01\/rhean-nellen-tierfotoshooting-suedtirol-hund-fotoshooting-wanderung-136.jpg\" \/>\n\t<meta property=\"og:image:width\" content=\"1334\" \/>\n\t<meta property=\"og:image:height\" content=\"2000\" \/>\n\t<meta property=\"og:image:type\" content=\"image\/jpeg\" \/>\n<meta name=\"twitter:card\" content=\"summary_large_image\" \/>\n<meta name=\"twitter:label1\" content=\"Gesch\u00e4tzte Lesezeit\" \/>\n\t<meta name=\"twitter:data1\" content=\"2\u00a0Minuten\" \/>\n<script type=\"application\/ld+json\" class=\"yoast-schema-graph\">{\"@context\":\"https:\/\/schema.org\",\"@graph\":[{\"@type\":\"WebPage\",\"@id\":\"https:\/\/rhea-nellen-photography.ch\/?page_id=8205\",\"url\":\"https:\/\/rhea-nellen-photography.ch\/?page_id=8205\",\"name\":\"Mehrt\u00e4gige Fotoshooting Abenteuer -\",\"isPartOf\":{\"@id\":\"https:\/\/rhea-nellen-photography.ch\/#website\"},\"primaryImageOfPage\":{\"@id\":\"https:\/\/rhea-nellen-photography.ch\/?page_id=8205#primaryimage\"},\"image\":{\"@id\":\"https:\/\/rhea-nellen-photography.ch\/?page_id=8205#primaryimage\"},\"thumbnailUrl\":\"http:\/\/rhea-nellen-photography.ch\/wp-content\/uploads\/2026\/01\/rhean-nellen-tierfotoshooting-suedtirol-hund-fotoshooting-wanderung-136-960x1439.jpg\",\"datePublished\":\"2025-11-14T19:56:09+00:00\",\"dateModified\":\"2026-01-26T10:54:53+00:00\",\"breadcrumb\":{\"@id\":\"https:\/\/rhea-nellen-photography.ch\/?page_id=8205#breadcrumb\"},\"inLanguage\":\"de\",\"potentialAction\":[{\"@type\":\"ReadAction\",\"target\":[\"https:\/\/rhea-nellen-photography.ch\/?page_id=8205\"]}]},{\"@type\":\"ImageObject\",\"inLanguage\":\"de\",\"@id\":\"https:\/\/rhea-nellen-photography.ch\/?page_id=8205#primaryimage\",\"url\":\"https:\/\/rhea-nellen-photography.ch\/wp-content\/uploads\/2026\/01\/rhean-nellen-tierfotoshooting-suedtirol-hund-fotoshooting-wanderung-136.jpg\",\"contentUrl\":\"https:\/\/rhea-nellen-photography.ch\/wp-content\/uploads\/2026\/01\/rhean-nellen-tierfotoshooting-suedtirol-hund-fotoshooting-wanderung-136.jpg\",\"width\":1334,\"height\":2000},{\"@type\":\"BreadcrumbList\",\"@id\":\"https:\/\/rhea-nellen-photography.ch\/?page_id=8205#breadcrumb\",\"itemListElement\":[{\"@type\":\"ListItem\",\"position\":1,\"name\":\"Startseite\",\"item\":\"https:\/\/rhea-nellen-photography.ch\/\"},{\"@type\":\"ListItem\",\"position\":2,\"name\":\"Mein Angebot\",\"item\":\"https:\/\/rhea-nellen-photography.ch\/?page_id=5757\"},{\"@type\":\"ListItem\",\"position\":3,\"name\":\"Mehrt\u00e4gige Fotoshooting Abenteuer\"}]},{\"@type\":\"WebSite\",\"@id\":\"https:\/\/rhea-nellen-photography.ch\/#website\",\"url\":\"https:\/\/rhea-nellen-photography.ch\/\",\"name\":\"\",\"description\":\"Hundefotografie und Pferdefotografie in der Schweiz\",\"publisher\":{\"@id\":\"https:\/\/rhea-nellen-photography.ch\/#\/schema\/person\/2d6ba87bba45ccebcb1bd8237751806d\"},\"potentialAction\":[{\"@type\":\"SearchAction\",\"target\":{\"@type\":\"EntryPoint\",\"urlTemplate\":\"https:\/\/rhea-nellen-photography.ch\/?s={search_term_string}\"},\"query-input\":{\"@type\":\"PropertyValueSpecification\",\"valueRequired\":true,\"valueName\":\"search_term_string\"}}],\"inLanguage\":\"de\"},{\"@type\":[\"Person\",\"Organization\"],\"@id\":\"https:\/\/rhea-nellen-photography.ch\/#\/schema\/person\/2d6ba87bba45ccebcb1bd8237751806d\",\"name\":\"Rhea\",\"image\":{\"@type\":\"ImageObject\",\"inLanguage\":\"de\",\"@id\":\"https:\/\/rhea-nellen-photography.ch\/#\/schema\/person\/image\/\",\"url\":\"https:\/\/rhea-nellen-photography.ch\/wp-content\/uploads\/2025\/01\/cropped-Tierfotografie-Logo-schwarz.png\",\"contentUrl\":\"https:\/\/rhea-nellen-photography.ch\/wp-content\/uploads\/2025\/01\/cropped-Tierfotografie-Logo-schwarz.png\",\"width\":1618,\"height\":775,\"caption\":\"Rhea\"},\"logo\":{\"@id\":\"https:\/\/rhea-nellen-photography.ch\/#\/schema\/person\/image\/\"},\"sameAs\":[\"https:\/\/www.facebook.com\/rhea.nellen\/\",\"https:\/\/www.instagram.com\/rhea_nellen_dog_photography\/\"]}]}<\/script>\n<!-- \/ Yoast SEO plugin. -->","yoast_head_json":{"title":"Mehrt\u00e4gige Fotoshooting Abenteuer -","robots":{"index":"index","follow":"follow","max-snippet":"max-snippet:-1","max-image-preview":"max-image-preview:large","max-video-preview":"max-video-preview:-1"},"canonical":"https:\/\/rhea-nellen-photography.ch\/?page_id=8205","og_locale":"de_DE","og_type":"article","og_title":"Mehrt\u00e4gige Fotoshooting Abenteuer -","og_description":"Mehrt\u00e4gige Fotoshooting Abenteuer Erlebt unvergessliche Abenteuer mit eurem Hund bei meinen mehrt\u00e4gigen Fotoshooting-Reisen. Gemeinsam mit einer kleinen Gruppe erkunden wir atemberaubende Landschaften, halten besondere Momente &hellip;","og_url":"https:\/\/rhea-nellen-photography.ch\/?page_id=8205","article_publisher":"https:\/\/www.facebook.com\/rhea.nellen\/","article_modified_time":"2026-01-26T10:54:53+00:00","og_image":[{"width":1334,"height":2000,"url":"https:\/\/rhea-nellen-photography.ch\/wp-content\/uploads\/2026\/01\/rhean-nellen-tierfotoshooting-suedtirol-hund-fotoshooting-wanderung-136.jpg","type":"image\/jpeg"}],"twitter_card":"summary_large_image","twitter_misc":{"Gesch\u00e4tzte Lesezeit":"2\u00a0Minuten"},"schema":{"@context":"https:\/\/schema.org","@graph":[{"@type":"WebPage","@id":"https:\/\/rhea-nellen-photography.ch\/?page_id=8205","url":"https:\/\/rhea-nellen-photography.ch\/?page_id=8205","name":"Mehrt\u00e4gige Fotoshooting Abenteuer -","isPartOf":{"@id":"https:\/\/rhea-nellen-photography.ch\/#website"},"primaryImageOfPage":{"@id":"https:\/\/rhea-nellen-photography.ch\/?page_id=8205#primaryimage"},"image":{"@id":"https:\/\/rhea-nellen-photography.ch\/?page_id=8205#primaryimage"},"thumbnailUrl":"http:\/\/rhea-nellen-photography.ch\/wp-content\/uploads\/2026\/01\/rhean-nellen-tierfotoshooting-suedtirol-hund-fotoshooting-wanderung-136-960x1439.jpg","datePublished":"2025-11-14T19:56:09+00:00","dateModified":"2026-01-26T10:54:53+00:00","breadcrumb":{"@id":"https:\/\/rhea-nellen-photography.ch\/?page_id=8205#breadcrumb"},"inLanguage":"de","potentialAction":[{"@type":"ReadAction","target":["https:\/\/rhea-nellen-photography.ch\/?page_id=8205"]}]},{"@type":"ImageObject","inLanguage":"de","@id":"https:\/\/rhea-nellen-photography.ch\/?page_id=8205#primaryimage","url":"https:\/\/rhea-nellen-photography.ch\/wp-content\/uploads\/2026\/01\/rhean-nellen-tierfotoshooting-suedtirol-hund-fotoshooting-wanderung-136.jpg","contentUrl":"https:\/\/rhea-nellen-photography.ch\/wp-content\/uploads\/2026\/01\/rhean-nellen-tierfotoshooting-suedtirol-hund-fotoshooting-wanderung-136.jpg","width":1334,"height":2000},{"@type":"BreadcrumbList","@id":"https:\/\/rhea-nellen-photography.ch\/?page_id=8205#breadcrumb","itemListElement":[{"@type":"ListItem","position":1,"name":"Startseite","item":"https:\/\/rhea-nellen-photography.ch\/"},{"@type":"ListItem","position":2,"name":"Mein Angebot","item":"https:\/\/rhea-nellen-photography.ch\/?page_id=5757"},{"@type":"ListItem","position":3,"name":"Mehrt\u00e4gige Fotoshooting Abenteuer"}]},{"@type":"WebSite","@id":"https:\/\/rhea-nellen-photography.ch\/#website","url":"https:\/\/rhea-nellen-photography.ch\/","name":"","description":"Hundefotografie und Pferdefotografie in der Schweiz","publisher":{"@id":"https:\/\/rhea-nellen-photography.ch\/#\/schema\/person\/2d6ba87bba45ccebcb1bd8237751806d"},"potentialAction":[{"@type":"SearchAction","target":{"@type":"EntryPoint","urlTemplate":"https:\/\/rhea-nellen-photography.ch\/?s={search_term_string}"},"query-input":{"@type":"PropertyValueSpecification","valueRequired":true,"valueName":"search_term_string"}}],"inLanguage":"de"},{"@type":["Person","Organization"],"@id":"https:\/\/rhea-nellen-photography.ch\/#\/schema\/person\/2d6ba87bba45ccebcb1bd8237751806d","name":"Rhea","image":{"@type":"ImageObject","inLanguage":"de","@id":"https:\/\/rhea-nellen-photography.ch\/#\/schema\/person\/image\/","url":"https:\/\/rhea-nellen-photography.ch\/wp-content\/uploads\/2025\/01\/cropped-Tierfotografie-Logo-schwarz.png","contentUrl":"https:\/\/rhea-nellen-photography.ch\/wp-content\/uploads\/2025\/01\/cropped-Tierfotografie-Logo-schwarz.png","width":1618,"height":775,"caption":"Rhea"},"logo":{"@id":"https:\/\/rhea-nellen-photography.ch\/#\/schema\/person\/image\/"},"sameAs":["https:\/\/www.facebook.com\/rhea.nellen\/","https:\/\/www.instagram.com\/rhea_nellen_dog_photography\/"]}]}},"_links":{"self":[{"href":"https:\/\/rhea-nellen-photography.ch\/index.php?rest_route=\/wp\/v2\/pages\/8205","targetHints":{"allow":["GET"]}}],"collection":[{"href":"https:\/\/rhea-nellen-photography.ch\/index.php?rest_route=\/wp\/v2\/pages"}],"about":[{"href":"https:\/\/rhea-nellen-photography.ch\/index.php?rest_route=\/wp\/v2\/types\/page"}],"author":[{"embeddable":true,"href":"https:\/\/rhea-nellen-photography.ch\/index.php?rest_route=\/wp\/v2\/users\/1"}],"replies":[{"embeddable":true,"href":"https:\/\/rhea-nellen-photography.ch\/index.php?rest_route=%2Fwp%2Fv2%2Fcomments&post=8205"}],"version-history":[{"count":9,"href":"https:\/\/rhea-nellen-photography.ch\/index.php?rest_route=\/wp\/v2\/pages\/8205\/revisions"}],"predecessor-version":[{"id":9336,"href":"https:\/\/rhea-nellen-photography.ch\/index.php?rest_route=\/wp\/v2\/pages\/8205\/revisions\/9336"}],"up":[{"embeddable":true,"href":"https:\/\/rhea-nellen-photography.ch\/index.php?rest_route=\/wp\/v2\/pages\/5757"}],"wp:attachment":[{"href":"https:\/\/rhea-nellen-photography.ch\/index.php?rest_route=%2Fwp%2Fv2%2Fmedia&parent=8205"}],"curies":[{"name":"wp","href":"https:\/\/api.w.org\/{rel}","templated":true}]}}