{"id":5988,"date":"2023-06-02T20:31:51","date_gmt":"2023-06-02T18:31:51","guid":{"rendered":"https:\/\/rhea-nellen-photography.ch\/?page_id=5988"},"modified":"2026-01-26T13:21:27","modified_gmt":"2026-01-26T12:21:27","slug":"hundefotografie-einzelcoaching","status":"publish","type":"page","link":"https:\/\/rhea-nellen-photography.ch\/?page_id=5988","title":{"rendered":"Hundefotografie Einzelcoaching"},"content":{"rendered":"\n<h3 class=\"wp-block-heading has-text-align-center has-text-color\" style=\"color:#cf9c88\">Hundefotografie Einzelcoaching<\/h3>\n\n\n\n<p class=\"has-text-align-center\">Aller Anfang ist schwer!<br>Du liebst die Fotografie aber bist dir unsicher bez\u00fcglich der korrekten Wahl der Blende, Iso und der Verschlusszeit? Oder du weisst noch gar nicht genau was das ist? <br>Wie finde ich den richtigen Bildaufbau und was muss ich alles beim Fotografieren von Hunden beachten? <br>Der Umgang mit Lightroom und Photoshop ist dir neu und du kannst nicht das volle Potential aus deinen RAW-Bildern herausholen?&nbsp; <br>Du bist gerne in der Natur aber weisst nicht, wie du die ph\u00e4nomenale Schweizer Landschaft f\u00fcr deine Bilder nutzen kannst? <br>Im Hundefotografie Einzelcoaching lernst du alle Grundlagen zur Fotografie von Hunden in der Natur oder in der Stadt! <br>Du bestimmst auf was wir den Fokus legen!<\/p>\n\n\n<div class=\"wp-block-image\">\n<figure class=\"aligncenter size-full is-resized\"><img loading=\"lazy\" decoding=\"async\" width=\"2000\" height=\"1333\" src=\"http:\/\/rhea-nellen-photography.ch\/wp-content\/uploads\/2026\/01\/rhean-nellen-tierfotografie-hund-mauer-fotoshooting-1.jpg\" alt=\"\" class=\"wp-image-8668\" style=\"aspect-ratio:1.7777777777777777;object-fit:cover;width:510px;height:auto\" srcset=\"https:\/\/rhea-nellen-photography.ch\/wp-content\/uploads\/2026\/01\/rhean-nellen-tierfotografie-hund-mauer-fotoshooting-1.jpg 2000w, https:\/\/rhea-nellen-photography.ch\/wp-content\/uploads\/2026\/01\/rhean-nellen-tierfotografie-hund-mauer-fotoshooting-1-595x397.jpg 595w, https:\/\/rhea-nellen-photography.ch\/wp-content\/uploads\/2026\/01\/rhean-nellen-tierfotografie-hund-mauer-fotoshooting-1-960x640.jpg 960w, https:\/\/rhea-nellen-photography.ch\/wp-content\/uploads\/2026\/01\/rhean-nellen-tierfotografie-hund-mauer-fotoshooting-1-1536x1024.jpg 1536w, https:\/\/rhea-nellen-photography.ch\/wp-content\/uploads\/2026\/01\/rhean-nellen-tierfotografie-hund-mauer-fotoshooting-1-90x60.jpg 90w, https:\/\/rhea-nellen-photography.ch\/wp-content\/uploads\/2026\/01\/rhean-nellen-tierfotografie-hund-mauer-fotoshooting-1-420x280.jpg 420w\" sizes=\"auto, (max-width: 2000px) 100vw, 2000px\" \/><\/figure>\n<\/div>\n\n\n<p class=\"has-text-align-center\">Du kannst aus den folgenden Modulen w\u00e4hlen oder sie ganz nach deinen W\u00fcnschen kombinieren:<\/p>\n\n\n\n<details class=\"wp-block-details is-layout-flow wp-block-details-is-layout-flow\"><summary><strong>Theorie Hundefotografie<\/strong><\/summary>\n<p class=\"has-text-align-left has-background\" style=\"background-color:#faebe6\"><strong>Preis:<\/strong> <mark style=\"background-color:rgba(0, 0, 0, 0);color:#cf9c88\" class=\"has-inline-color\"><strong>330.- Fr<\/strong><\/mark><br><strong>Dauer:<\/strong> ca. 2-3h<br><strong>Ort:<\/strong> Im Tierzentrum BeNe in Zuzwil SG oder Online via Zoom<br><strong>Voraussetzungen:<\/strong> Du hast eine Spiegelreflexkamera oder eine Spiegellose Kamera<\/p>\n\n\n\n<p class=\"has-text-align-left has-background\" style=\"background-color:#faebe63b\"><strong>Inhalt:<\/strong><\/p>\n\n\n\n<ul style=\"background-color:#faebe63b\" class=\"wp-block-list has-background\">\n<li>Einstellungen beim manuellen Fotografieren (Iso, Blende, Verschlusszeit, Weissabgleich, wie interpretiere ich das Histogramm etc.)<\/li>\n\n\n\n<li>Richtige Objektivwahl<\/li>\n\n\n\n<li>Bildkomposition\/ Wahl der Platzierung des Models<\/li>\n\n\n\n<li>K\u00f6rpersprache Hunde\/ Ausdruck der Hunde<\/li>\n\n\n\n<li>Wahl der Location\/ passende Location f\u00fcr das jeweilige Model<\/li>\n\n\n\n<li>Wie nutze ich das nat\u00fcrliche Licht, was sind gute Lichtverh\u00e4ltnisse und was nicht.<\/li>\n\n\n\n<li>Die ganze Theorie zur Action Fotografie<\/li>\n<\/ul>\n<\/details>\n\n\n\n<details class=\"wp-block-details is-layout-flow wp-block-details-is-layout-flow\"><summary><strong><strong>Fotoshooting Praxis<\/strong><\/strong><\/summary>\n<p class=\"has-text-align-left has-background\" style=\"background-color:#faebe6\"><strong>Preis:<\/strong> <mark style=\"background-color:rgba(0, 0, 0, 0);color:#cf9c88\" class=\"has-inline-color\"><strong>330.- Fr<\/strong><\/mark><br><strong>Dauer:<\/strong> ca. 2-3h<br><strong>Ort:<\/strong> Findet an einer von uns abgesprochenen Location in der Region Ostschweiz\/Z\u00fcrich statt.<br><strong>Voraussetzungen:<\/strong> Du hast eine Spiegelreflexkamera oder eine Spiegellose Kamera und kennst die Einstellungen deiner Kamera.<\/p>\n\n\n\n<p class=\"has-text-align-left has-background\" style=\"background-color:#faebe63b\"><strong>Inhalt:<\/strong><\/p>\n\n\n\n<ul style=\"background-color:#faebe63b\" class=\"wp-block-list has-background\">\n<li>Location Wahl<\/li>\n\n\n\n<li>Richtige Objektivwahl<\/li>\n\n\n\n<li>Richtige Kameraeinstellungen<\/li>\n\n\n\n<li>Bildkomposition<\/li>\n\n\n\n<li>Ausdruck der Hunde<\/li>\n\n\n\n<li>Das nat\u00fcrliche Licht<\/li>\n<\/ul>\n<\/details>\n\n\n\n<details class=\"wp-block-details is-layout-flow wp-block-details-is-layout-flow\"><summary><strong><strong>Bildbearbeitung<\/strong><\/strong><\/summary>\n<p class=\"has-text-align-left has-background\" style=\"background-color:#faebe6\"><strong>Preis:<\/strong> <mark style=\"background-color:rgba(0, 0, 0, 0);color:#cf9c88\" class=\"has-inline-color\"><strong>350.- Fr<\/strong><\/mark><br><strong>Dauer:<\/strong> ca. 2-3h<br><strong>Ort:<\/strong> Im Tierzentrum BeNe in Zuzwil SG oder Online via Zoom<br><strong>Voraussetzungen:<\/strong> Du hast Lightroom und Photoshop<\/p>\n\n\n\n<p class=\"has-text-align-left has-background\" style=\"background-color:#faebe63b\"><strong>Inhalt:<\/strong><br>Wir alle sehen die Welt anders und manchmal sehen wir sie auch anders als dies unsere Kamera dann widerspiegelt und genau da k\u00f6nnen wir mit der Bildbearbeitung nachhelfen. Die Fotos bekommen den letzten Schliff und die pers\u00f6nliche Handschrift des Fotografen! Das Ziel ist es das ganze Potential aus dem RAW Foto herauszuholen und es erm\u00f6glicht einem auch seine ganze Kreativit\u00e4t auszuleben.<br>Ich zeige dir, was alles m\u00f6glich ist und wie mein Workflow mit Lightroom und Photoshop aussieht.<\/p>\n\n\n\n<ul style=\"background-color:#faebe63b\" class=\"wp-block-list has-background\">\n<li>Grundbearbeitung im Lightroom<\/li>\n\n\n\n<li>Optimierung des Bildes in Photoshop<\/li>\n\n\n\n<li>Bearbeiten von Fell, Augen etc.<\/li>\n\n\n\n<li>Entfernen von st\u00f6renden Dingen im Bild<\/li>\n\n\n\n<li>Bearbeitung der Farben\/ Beeinflussung der Farben auf die Stimmung<\/li>\n\n\n\n<li>Dodge and Burn<\/li>\n\n\n\n<li>Richtiges Abspeichern der Fotos<\/li>\n\n\n\n<li>Besprechung deines Portfolios<\/li>\n<\/ul>\n<\/details>\n\n\n\n<div style=\"height:36px\" aria-hidden=\"true\" class=\"wp-block-spacer\"><\/div>\n\n\n\n<p>Du erh\u00e4ltst von mir ein ausf\u00fchrliches Skript, in dem alles Gelernte \u00fcbersichtlich zusammengefasst ist. So kannst du jederzeit nachschauen, wiederholen und dein Wissen festigen.<\/p>\n\n\n\n<div style=\"height:36px\" aria-hidden=\"true\" class=\"wp-block-spacer\"><\/div>\n\n\n\n<div class=\"wp-block-buttons is-content-justification-center is-layout-flex wp-container-core-buttons-is-layout-16018d1d wp-block-buttons-is-layout-flex\">\n<div class=\"wp-block-button is-style-outline is-style-outline--1\"><a class=\"wp-block-button__link has-black-color has-text-color has-background wp-element-button\" href=\"http:\/\/rhea-nellen-photography.ch\/?page_id=26\" style=\"background-color:#faebe6\"><strong>Coaching jetzt buchen<\/strong>!<\/a><\/div>\n<\/div>\n","protected":false},"excerpt":{"rendered":"<p>Hundefotografie Einzelcoaching Aller Anfang ist schwer!Du liebst die Fotografie aber bist dir unsicher bez\u00fcglich der korrekten Wahl der Blende, Iso und der Verschlusszeit? Oder du &hellip; <\/p>\n","protected":false},"author":1,"featured_media":0,"parent":5757,"menu_order":0,"comment_status":"closed","ping_status":"closed","template":"","meta":{"footnotes":""},"class_list":["post-5988","page","type-page","status-publish","hentry","latest_post"],"yoast_head":"<!-- This site is optimized with the Yoast SEO plugin v26.8 - https:\/\/yoast.com\/product\/yoast-seo-wordpress\/ -->\n<title>Hundefotografie Einzelcoaching -<\/title>\n<meta name=\"robots\" content=\"index, follow, max-snippet:-1, max-image-preview:large, max-video-preview:-1\" \/>\n<link rel=\"canonical\" href=\"https:\/\/rhea-nellen-photography.ch\/?page_id=5988\" \/>\n<meta property=\"og:locale\" content=\"de_DE\" \/>\n<meta property=\"og:type\" content=\"article\" \/>\n<meta property=\"og:title\" content=\"Hundefotografie Einzelcoaching -\" \/>\n<meta property=\"og:description\" content=\"Hundefotografie Einzelcoaching Aller Anfang ist schwer!Du liebst die Fotografie aber bist dir unsicher bez\u00fcglich der korrekten Wahl der Blende, Iso und der Verschlusszeit? Oder du &hellip;\" \/>\n<meta property=\"og:url\" content=\"https:\/\/rhea-nellen-photography.ch\/?page_id=5988\" \/>\n<meta property=\"article:publisher\" content=\"https:\/\/www.facebook.com\/rhea.nellen\/\" \/>\n<meta property=\"article:modified_time\" content=\"2026-01-26T12:21:27+00:00\" \/>\n<meta property=\"og:image\" content=\"https:\/\/rhea-nellen-photography.ch\/wp-content\/uploads\/2026\/01\/rhean-nellen-tierfotografie-hund-mauer-fotoshooting-1.jpg\" \/>\n\t<meta property=\"og:image:width\" content=\"2000\" \/>\n\t<meta property=\"og:image:height\" content=\"1333\" \/>\n\t<meta property=\"og:image:type\" content=\"image\/jpeg\" \/>\n<meta name=\"twitter:card\" content=\"summary_large_image\" \/>\n<meta name=\"twitter:label1\" content=\"Gesch\u00e4tzte Lesezeit\" \/>\n\t<meta name=\"twitter:data1\" content=\"3\u00a0Minuten\" \/>\n<script type=\"application\/ld+json\" class=\"yoast-schema-graph\">{\"@context\":\"https:\/\/schema.org\",\"@graph\":[{\"@type\":\"WebPage\",\"@id\":\"https:\/\/rhea-nellen-photography.ch\/?page_id=5988\",\"url\":\"https:\/\/rhea-nellen-photography.ch\/?page_id=5988\",\"name\":\"Hundefotografie Einzelcoaching -\",\"isPartOf\":{\"@id\":\"https:\/\/rhea-nellen-photography.ch\/#website\"},\"primaryImageOfPage\":{\"@id\":\"https:\/\/rhea-nellen-photography.ch\/?page_id=5988#primaryimage\"},\"image\":{\"@id\":\"https:\/\/rhea-nellen-photography.ch\/?page_id=5988#primaryimage\"},\"thumbnailUrl\":\"http:\/\/rhea-nellen-photography.ch\/wp-content\/uploads\/2026\/01\/rhean-nellen-tierfotografie-hund-mauer-fotoshooting-1.jpg\",\"datePublished\":\"2023-06-02T18:31:51+00:00\",\"dateModified\":\"2026-01-26T12:21:27+00:00\",\"breadcrumb\":{\"@id\":\"https:\/\/rhea-nellen-photography.ch\/?page_id=5988#breadcrumb\"},\"inLanguage\":\"de\",\"potentialAction\":[{\"@type\":\"ReadAction\",\"target\":[\"https:\/\/rhea-nellen-photography.ch\/?page_id=5988\"]}]},{\"@type\":\"ImageObject\",\"inLanguage\":\"de\",\"@id\":\"https:\/\/rhea-nellen-photography.ch\/?page_id=5988#primaryimage\",\"url\":\"https:\/\/rhea-nellen-photography.ch\/wp-content\/uploads\/2026\/01\/rhean-nellen-tierfotografie-hund-mauer-fotoshooting-1.jpg\",\"contentUrl\":\"https:\/\/rhea-nellen-photography.ch\/wp-content\/uploads\/2026\/01\/rhean-nellen-tierfotografie-hund-mauer-fotoshooting-1.jpg\",\"width\":2000,\"height\":1333},{\"@type\":\"BreadcrumbList\",\"@id\":\"https:\/\/rhea-nellen-photography.ch\/?page_id=5988#breadcrumb\",\"itemListElement\":[{\"@type\":\"ListItem\",\"position\":1,\"name\":\"Startseite\",\"item\":\"https:\/\/rhea-nellen-photography.ch\/\"},{\"@type\":\"ListItem\",\"position\":2,\"name\":\"Mein Angebot\",\"item\":\"https:\/\/rhea-nellen-photography.ch\/?page_id=5757\"},{\"@type\":\"ListItem\",\"position\":3,\"name\":\"Hundefotografie Einzelcoaching\"}]},{\"@type\":\"WebSite\",\"@id\":\"https:\/\/rhea-nellen-photography.ch\/#website\",\"url\":\"https:\/\/rhea-nellen-photography.ch\/\",\"name\":\"\",\"description\":\"Hundefotografie und Pferdefotografie in der Schweiz\",\"publisher\":{\"@id\":\"https:\/\/rhea-nellen-photography.ch\/#\/schema\/person\/2d6ba87bba45ccebcb1bd8237751806d\"},\"potentialAction\":[{\"@type\":\"SearchAction\",\"target\":{\"@type\":\"EntryPoint\",\"urlTemplate\":\"https:\/\/rhea-nellen-photography.ch\/?s={search_term_string}\"},\"query-input\":{\"@type\":\"PropertyValueSpecification\",\"valueRequired\":true,\"valueName\":\"search_term_string\"}}],\"inLanguage\":\"de\"},{\"@type\":[\"Person\",\"Organization\"],\"@id\":\"https:\/\/rhea-nellen-photography.ch\/#\/schema\/person\/2d6ba87bba45ccebcb1bd8237751806d\",\"name\":\"Rhea\",\"image\":{\"@type\":\"ImageObject\",\"inLanguage\":\"de\",\"@id\":\"https:\/\/rhea-nellen-photography.ch\/#\/schema\/person\/image\/\",\"url\":\"https:\/\/rhea-nellen-photography.ch\/wp-content\/uploads\/2025\/01\/cropped-Tierfotografie-Logo-schwarz.png\",\"contentUrl\":\"https:\/\/rhea-nellen-photography.ch\/wp-content\/uploads\/2025\/01\/cropped-Tierfotografie-Logo-schwarz.png\",\"width\":1618,\"height\":775,\"caption\":\"Rhea\"},\"logo\":{\"@id\":\"https:\/\/rhea-nellen-photography.ch\/#\/schema\/person\/image\/\"},\"sameAs\":[\"https:\/\/www.facebook.com\/rhea.nellen\/\",\"https:\/\/www.instagram.com\/rhea_nellen_dog_photography\/\"]}]}<\/script>\n<!-- \/ Yoast SEO plugin. -->","yoast_head_json":{"title":"Hundefotografie Einzelcoaching -","robots":{"index":"index","follow":"follow","max-snippet":"max-snippet:-1","max-image-preview":"max-image-preview:large","max-video-preview":"max-video-preview:-1"},"canonical":"https:\/\/rhea-nellen-photography.ch\/?page_id=5988","og_locale":"de_DE","og_type":"article","og_title":"Hundefotografie Einzelcoaching -","og_description":"Hundefotografie Einzelcoaching Aller Anfang ist schwer!Du liebst die Fotografie aber bist dir unsicher bez\u00fcglich der korrekten Wahl der Blende, Iso und der Verschlusszeit? Oder du &hellip;","og_url":"https:\/\/rhea-nellen-photography.ch\/?page_id=5988","article_publisher":"https:\/\/www.facebook.com\/rhea.nellen\/","article_modified_time":"2026-01-26T12:21:27+00:00","og_image":[{"width":2000,"height":1333,"url":"https:\/\/rhea-nellen-photography.ch\/wp-content\/uploads\/2026\/01\/rhean-nellen-tierfotografie-hund-mauer-fotoshooting-1.jpg","type":"image\/jpeg"}],"twitter_card":"summary_large_image","twitter_misc":{"Gesch\u00e4tzte Lesezeit":"3\u00a0Minuten"},"schema":{"@context":"https:\/\/schema.org","@graph":[{"@type":"WebPage","@id":"https:\/\/rhea-nellen-photography.ch\/?page_id=5988","url":"https:\/\/rhea-nellen-photography.ch\/?page_id=5988","name":"Hundefotografie Einzelcoaching -","isPartOf":{"@id":"https:\/\/rhea-nellen-photography.ch\/#website"},"primaryImageOfPage":{"@id":"https:\/\/rhea-nellen-photography.ch\/?page_id=5988#primaryimage"},"image":{"@id":"https:\/\/rhea-nellen-photography.ch\/?page_id=5988#primaryimage"},"thumbnailUrl":"http:\/\/rhea-nellen-photography.ch\/wp-content\/uploads\/2026\/01\/rhean-nellen-tierfotografie-hund-mauer-fotoshooting-1.jpg","datePublished":"2023-06-02T18:31:51+00:00","dateModified":"2026-01-26T12:21:27+00:00","breadcrumb":{"@id":"https:\/\/rhea-nellen-photography.ch\/?page_id=5988#breadcrumb"},"inLanguage":"de","potentialAction":[{"@type":"ReadAction","target":["https:\/\/rhea-nellen-photography.ch\/?page_id=5988"]}]},{"@type":"ImageObject","inLanguage":"de","@id":"https:\/\/rhea-nellen-photography.ch\/?page_id=5988#primaryimage","url":"https:\/\/rhea-nellen-photography.ch\/wp-content\/uploads\/2026\/01\/rhean-nellen-tierfotografie-hund-mauer-fotoshooting-1.jpg","contentUrl":"https:\/\/rhea-nellen-photography.ch\/wp-content\/uploads\/2026\/01\/rhean-nellen-tierfotografie-hund-mauer-fotoshooting-1.jpg","width":2000,"height":1333},{"@type":"BreadcrumbList","@id":"https:\/\/rhea-nellen-photography.ch\/?page_id=5988#breadcrumb","itemListElement":[{"@type":"ListItem","position":1,"name":"Startseite","item":"https:\/\/rhea-nellen-photography.ch\/"},{"@type":"ListItem","position":2,"name":"Mein Angebot","item":"https:\/\/rhea-nellen-photography.ch\/?page_id=5757"},{"@type":"ListItem","position":3,"name":"Hundefotografie Einzelcoaching"}]},{"@type":"WebSite","@id":"https:\/\/rhea-nellen-photography.ch\/#website","url":"https:\/\/rhea-nellen-photography.ch\/","name":"","description":"Hundefotografie und Pferdefotografie in der Schweiz","publisher":{"@id":"https:\/\/rhea-nellen-photography.ch\/#\/schema\/person\/2d6ba87bba45ccebcb1bd8237751806d"},"potentialAction":[{"@type":"SearchAction","target":{"@type":"EntryPoint","urlTemplate":"https:\/\/rhea-nellen-photography.ch\/?s={search_term_string}"},"query-input":{"@type":"PropertyValueSpecification","valueRequired":true,"valueName":"search_term_string"}}],"inLanguage":"de"},{"@type":["Person","Organization"],"@id":"https:\/\/rhea-nellen-photography.ch\/#\/schema\/person\/2d6ba87bba45ccebcb1bd8237751806d","name":"Rhea","image":{"@type":"ImageObject","inLanguage":"de","@id":"https:\/\/rhea-nellen-photography.ch\/#\/schema\/person\/image\/","url":"https:\/\/rhea-nellen-photography.ch\/wp-content\/uploads\/2025\/01\/cropped-Tierfotografie-Logo-schwarz.png","contentUrl":"https:\/\/rhea-nellen-photography.ch\/wp-content\/uploads\/2025\/01\/cropped-Tierfotografie-Logo-schwarz.png","width":1618,"height":775,"caption":"Rhea"},"logo":{"@id":"https:\/\/rhea-nellen-photography.ch\/#\/schema\/person\/image\/"},"sameAs":["https:\/\/www.facebook.com\/rhea.nellen\/","https:\/\/www.instagram.com\/rhea_nellen_dog_photography\/"]}]}},"_links":{"self":[{"href":"https:\/\/rhea-nellen-photography.ch\/index.php?rest_route=\/wp\/v2\/pages\/5988","targetHints":{"allow":["GET"]}}],"collection":[{"href":"https:\/\/rhea-nellen-photography.ch\/index.php?rest_route=\/wp\/v2\/pages"}],"about":[{"href":"https:\/\/rhea-nellen-photography.ch\/index.php?rest_route=\/wp\/v2\/types\/page"}],"author":[{"embeddable":true,"href":"https:\/\/rhea-nellen-photography.ch\/index.php?rest_route=\/wp\/v2\/users\/1"}],"replies":[{"embeddable":true,"href":"https:\/\/rhea-nellen-photography.ch\/index.php?rest_route=%2Fwp%2Fv2%2Fcomments&post=5988"}],"version-history":[{"count":27,"href":"https:\/\/rhea-nellen-photography.ch\/index.php?rest_route=\/wp\/v2\/pages\/5988\/revisions"}],"predecessor-version":[{"id":9358,"href":"https:\/\/rhea-nellen-photography.ch\/index.php?rest_route=\/wp\/v2\/pages\/5988\/revisions\/9358"}],"up":[{"embeddable":true,"href":"https:\/\/rhea-nellen-photography.ch\/index.php?rest_route=\/wp\/v2\/pages\/5757"}],"wp:attachment":[{"href":"https:\/\/rhea-nellen-photography.ch\/index.php?rest_route=%2Fwp%2Fv2%2Fmedia&parent=5988"}],"curies":[{"name":"wp","href":"https:\/\/api.w.org\/{rel}","templated":true}]}}