{"id":5791,"date":"2023-02-18T21:53:57","date_gmt":"2023-02-18T20:53:57","guid":{"rendered":"https:\/\/rhea-nellen-photography.ch\/?page_id=5791"},"modified":"2026-01-26T13:23:25","modified_gmt":"2026-01-26T12:23:25","slug":"dein-foto-von-mir-bearbeitet","status":"publish","type":"page","link":"https:\/\/rhea-nellen-photography.ch\/?page_id=5791","title":{"rendered":"Magische Bildverwandlung"},"content":{"rendered":"\n<h3 class=\"wp-block-heading has-text-align-center has-text-color\" style=\"color:#cf9c88\">Magische Bildverwandlung<\/h3>\n\n\n<div class=\"wp-block-image\">\n<figure class=\"aligncenter size-large is-resized\"><img loading=\"lazy\" decoding=\"async\" width=\"960\" height=\"640\" src=\"http:\/\/rhea-nellen-photography.ch\/wp-content\/uploads\/2025\/01\/rhean-nellen-tierfotoshooting-fantasyfotoshooting-hund-blumen-13-960x640.jpg\" alt=\"\" class=\"wp-image-8618\" style=\"aspect-ratio:16\/9;object-fit:cover;width:580px\" srcset=\"https:\/\/rhea-nellen-photography.ch\/wp-content\/uploads\/2025\/01\/rhean-nellen-tierfotoshooting-fantasyfotoshooting-hund-blumen-13-960x640.jpg 960w, https:\/\/rhea-nellen-photography.ch\/wp-content\/uploads\/2025\/01\/rhean-nellen-tierfotoshooting-fantasyfotoshooting-hund-blumen-13-595x397.jpg 595w, https:\/\/rhea-nellen-photography.ch\/wp-content\/uploads\/2025\/01\/rhean-nellen-tierfotoshooting-fantasyfotoshooting-hund-blumen-13-1536x1025.jpg 1536w, https:\/\/rhea-nellen-photography.ch\/wp-content\/uploads\/2025\/01\/rhean-nellen-tierfotoshooting-fantasyfotoshooting-hund-blumen-13-90x60.jpg 90w, https:\/\/rhea-nellen-photography.ch\/wp-content\/uploads\/2025\/01\/rhean-nellen-tierfotoshooting-fantasyfotoshooting-hund-blumen-13-420x280.jpg 420w, https:\/\/rhea-nellen-photography.ch\/wp-content\/uploads\/2025\/01\/rhean-nellen-tierfotoshooting-fantasyfotoshooting-hund-blumen-13.jpg 2000w\" sizes=\"auto, (max-width: 960px) 100vw, 960px\" \/><\/figure>\n<\/div>\n\n\n<p class=\"has-text-align-center has-background\" style=\"background-color:#faebe6\">Du tr\u00e4umst von einem einzigartigen Fantasy-Bild deines Vierbeiners? Dann ist dieses Angebot genau das Richtige f\u00fcr dich!<br>Ich w\u00e4hle ein Foto aus unserem gemeinsamen Fotoshooting aus und verwandle das Bild in ein fantasievolles Kunstwerk. Ob Elfen, mystisches Fabelwesen oder magischer Waldgeist, dein Tier erstrahlt in einer v\u00f6llig neuen, zauberhaften Welt. Jede Bildverwandlung wird liebevoll und individuell gestaltet, damit ein echtes Unikat entsteht.<br>Tauche ein in die Magie und lass deinen Vierbeiner Teil einer fantastischen Geschichte werden!<br>~<br><strong>Preis:<\/strong><br><mark style=\"background-color:rgba(0, 0, 0, 0);color:#cf9c88\" class=\"has-inline-color\"><strong>60.- Fr<\/strong><\/mark> <mark style=\"background-color:rgba(0, 0, 0, 0);color:#cf9c88\" class=\"has-inline-color\"><em>pro Foto<\/em><\/mark><\/p>\n\n\n\n<div style=\"height:43px\" aria-hidden=\"true\" class=\"wp-block-spacer\"><\/div>\n\n\n\n<div class=\"wp-block-group\"><div class=\"wp-block-group__inner-container is-layout-constrained wp-block-group-is-layout-constrained\">\n<div class=\"wp-block-columns is-layout-flex wp-container-core-columns-is-layout-9d6595d7 wp-block-columns-is-layout-flex\">\n<div class=\"wp-block-column is-layout-flow wp-block-column-is-layout-flow\">\n<figure class=\"wp-block-image size-large\"><img loading=\"lazy\" decoding=\"async\" width=\"960\" height=\"1264\" src=\"http:\/\/rhea-nellen-photography.ch\/wp-content\/uploads\/2025\/11\/Fantasy-2-960x1264.jpg\" alt=\"\" class=\"wp-image-8322\" srcset=\"https:\/\/rhea-nellen-photography.ch\/wp-content\/uploads\/2025\/11\/Fantasy-2-960x1264.jpg 960w, https:\/\/rhea-nellen-photography.ch\/wp-content\/uploads\/2025\/11\/Fantasy-2-595x783.jpg 595w, https:\/\/rhea-nellen-photography.ch\/wp-content\/uploads\/2025\/11\/Fantasy-2-1167x1536.jpg 1167w, https:\/\/rhea-nellen-photography.ch\/wp-content\/uploads\/2025\/11\/Fantasy-2-1556x2048.jpg 1556w, https:\/\/rhea-nellen-photography.ch\/wp-content\/uploads\/2025\/11\/Fantasy-2-46x60.jpg 46w, https:\/\/rhea-nellen-photography.ch\/wp-content\/uploads\/2025\/11\/Fantasy-2-scaled.jpg 1945w\" sizes=\"auto, (max-width: 960px) 100vw, 960px\" \/><\/figure>\n<\/div>\n\n\n\n<div class=\"wp-block-column is-layout-flow wp-block-column-is-layout-flow\">\n<figure class=\"wp-block-image size-large\"><img loading=\"lazy\" decoding=\"async\" width=\"960\" height=\"1281\" src=\"http:\/\/rhea-nellen-photography.ch\/wp-content\/uploads\/2025\/11\/Fantasy-1-1-960x1281.jpg\" alt=\"\" class=\"wp-image-8321\" srcset=\"https:\/\/rhea-nellen-photography.ch\/wp-content\/uploads\/2025\/11\/Fantasy-1-1-960x1281.jpg 960w, https:\/\/rhea-nellen-photography.ch\/wp-content\/uploads\/2025\/11\/Fantasy-1-1-595x794.jpg 595w, https:\/\/rhea-nellen-photography.ch\/wp-content\/uploads\/2025\/11\/Fantasy-1-1-480x640.jpg 480w, https:\/\/rhea-nellen-photography.ch\/wp-content\/uploads\/2025\/11\/Fantasy-1-1-1151x1536.jpg 1151w, https:\/\/rhea-nellen-photography.ch\/wp-content\/uploads\/2025\/11\/Fantasy-1-1-1535x2048.jpg 1535w, https:\/\/rhea-nellen-photography.ch\/wp-content\/uploads\/2025\/11\/Fantasy-1-1-45x60.jpg 45w, https:\/\/rhea-nellen-photography.ch\/wp-content\/uploads\/2025\/11\/Fantasy-1-1-scaled.jpg 1919w\" sizes=\"auto, (max-width: 960px) 100vw, 960px\" \/><\/figure>\n<\/div>\n<\/div>\n<\/div><\/div>\n\n\n\n<div style=\"height:43px\" aria-hidden=\"true\" class=\"wp-block-spacer\"><\/div>\n\n\n\n<div class=\"wp-block-buttons is-content-justification-center is-layout-flex wp-container-core-buttons-is-layout-16018d1d wp-block-buttons-is-layout-flex\">\n<div class=\"wp-block-button is-style-outline is-style-outline--1\"><a class=\"wp-block-button__link has-black-color has-text-color has-background wp-element-button\" href=\"http:\/\/rhea-nellen-photography.ch\/?page_id=26\" style=\"background-color:#faebe6\">Dazu buchen<strong>!<\/strong><\/a><\/div>\n<\/div>\n\n\n\n<div style=\"height:43px\" aria-hidden=\"true\" class=\"wp-block-spacer\"><\/div>\n\n\n<div class=\"wp-block-image\">\n<figure class=\"aligncenter size-large\"><img decoding=\"async\" src=\"http:\/\/rhea-nellen-photography.ch\/wp-content\/uploads\/2025\/11\/1E9A0316-Bearbeitet-Bearbeitet-Bearbeitet-2-960x640.jpg\" alt=\"\" class=\"wp-image-8327\"\/><\/figure>\n<\/div>","protected":false},"excerpt":{"rendered":"<p>Magische Bildverwandlung Du tr\u00e4umst von einem einzigartigen Fantasy-Bild deines Vierbeiners? Dann ist dieses Angebot genau das Richtige f\u00fcr dich!Ich w\u00e4hle ein Foto aus unserem gemeinsamen &hellip; <\/p>\n","protected":false},"author":1,"featured_media":0,"parent":5757,"menu_order":0,"comment_status":"closed","ping_status":"closed","template":"","meta":{"footnotes":""},"class_list":["post-5791","page","type-page","status-publish","hentry","latest_post"],"yoast_head":"<!-- This site is optimized with the Yoast SEO plugin v26.8 - https:\/\/yoast.com\/product\/yoast-seo-wordpress\/ -->\n<title>Magische Bildverwandlung -<\/title>\n<meta name=\"robots\" content=\"index, follow, max-snippet:-1, max-image-preview:large, max-video-preview:-1\" \/>\n<link rel=\"canonical\" href=\"https:\/\/rhea-nellen-photography.ch\/?page_id=5791\" \/>\n<meta property=\"og:locale\" content=\"de_DE\" \/>\n<meta property=\"og:type\" content=\"article\" \/>\n<meta property=\"og:title\" content=\"Magische Bildverwandlung -\" \/>\n<meta property=\"og:description\" content=\"Magische Bildverwandlung Du tr\u00e4umst von einem einzigartigen Fantasy-Bild deines Vierbeiners? Dann ist dieses Angebot genau das Richtige f\u00fcr dich!Ich w\u00e4hle ein Foto aus unserem gemeinsamen &hellip;\" \/>\n<meta property=\"og:url\" content=\"https:\/\/rhea-nellen-photography.ch\/?page_id=5791\" \/>\n<meta property=\"article:publisher\" content=\"https:\/\/www.facebook.com\/rhea.nellen\/\" \/>\n<meta property=\"article:modified_time\" content=\"2026-01-26T12:23:25+00:00\" \/>\n<meta property=\"og:image\" content=\"https:\/\/rhea-nellen-photography.ch\/wp-content\/uploads\/2025\/01\/rhean-nellen-tierfotoshooting-fantasyfotoshooting-hund-blumen-13.jpg\" \/>\n\t<meta property=\"og:image:width\" content=\"2000\" \/>\n\t<meta property=\"og:image:height\" content=\"1334\" \/>\n\t<meta property=\"og:image:type\" content=\"image\/jpeg\" \/>\n<meta name=\"twitter:card\" content=\"summary_large_image\" \/>\n<meta name=\"twitter:label1\" content=\"Gesch\u00e4tzte Lesezeit\" \/>\n\t<meta name=\"twitter:data1\" content=\"2\u00a0Minuten\" \/>\n<script type=\"application\/ld+json\" class=\"yoast-schema-graph\">{\"@context\":\"https:\/\/schema.org\",\"@graph\":[{\"@type\":\"WebPage\",\"@id\":\"https:\/\/rhea-nellen-photography.ch\/?page_id=5791\",\"url\":\"https:\/\/rhea-nellen-photography.ch\/?page_id=5791\",\"name\":\"Magische Bildverwandlung -\",\"isPartOf\":{\"@id\":\"https:\/\/rhea-nellen-photography.ch\/#website\"},\"primaryImageOfPage\":{\"@id\":\"https:\/\/rhea-nellen-photography.ch\/?page_id=5791#primaryimage\"},\"image\":{\"@id\":\"https:\/\/rhea-nellen-photography.ch\/?page_id=5791#primaryimage\"},\"thumbnailUrl\":\"http:\/\/rhea-nellen-photography.ch\/wp-content\/uploads\/2025\/01\/rhean-nellen-tierfotoshooting-fantasyfotoshooting-hund-blumen-13-960x640.jpg\",\"datePublished\":\"2023-02-18T20:53:57+00:00\",\"dateModified\":\"2026-01-26T12:23:25+00:00\",\"breadcrumb\":{\"@id\":\"https:\/\/rhea-nellen-photography.ch\/?page_id=5791#breadcrumb\"},\"inLanguage\":\"de\",\"potentialAction\":[{\"@type\":\"ReadAction\",\"target\":[\"https:\/\/rhea-nellen-photography.ch\/?page_id=5791\"]}]},{\"@type\":\"ImageObject\",\"inLanguage\":\"de\",\"@id\":\"https:\/\/rhea-nellen-photography.ch\/?page_id=5791#primaryimage\",\"url\":\"https:\/\/rhea-nellen-photography.ch\/wp-content\/uploads\/2025\/01\/rhean-nellen-tierfotoshooting-fantasyfotoshooting-hund-blumen-13.jpg\",\"contentUrl\":\"https:\/\/rhea-nellen-photography.ch\/wp-content\/uploads\/2025\/01\/rhean-nellen-tierfotoshooting-fantasyfotoshooting-hund-blumen-13.jpg\",\"width\":2000,\"height\":1334},{\"@type\":\"BreadcrumbList\",\"@id\":\"https:\/\/rhea-nellen-photography.ch\/?page_id=5791#breadcrumb\",\"itemListElement\":[{\"@type\":\"ListItem\",\"position\":1,\"name\":\"Startseite\",\"item\":\"https:\/\/rhea-nellen-photography.ch\/\"},{\"@type\":\"ListItem\",\"position\":2,\"name\":\"Mein Angebot\",\"item\":\"https:\/\/rhea-nellen-photography.ch\/?page_id=5757\"},{\"@type\":\"ListItem\",\"position\":3,\"name\":\"Magische Bildverwandlung\"}]},{\"@type\":\"WebSite\",\"@id\":\"https:\/\/rhea-nellen-photography.ch\/#website\",\"url\":\"https:\/\/rhea-nellen-photography.ch\/\",\"name\":\"\",\"description\":\"Hundefotografie und Pferdefotografie in der Schweiz\",\"publisher\":{\"@id\":\"https:\/\/rhea-nellen-photography.ch\/#\/schema\/person\/2d6ba87bba45ccebcb1bd8237751806d\"},\"potentialAction\":[{\"@type\":\"SearchAction\",\"target\":{\"@type\":\"EntryPoint\",\"urlTemplate\":\"https:\/\/rhea-nellen-photography.ch\/?s={search_term_string}\"},\"query-input\":{\"@type\":\"PropertyValueSpecification\",\"valueRequired\":true,\"valueName\":\"search_term_string\"}}],\"inLanguage\":\"de\"},{\"@type\":[\"Person\",\"Organization\"],\"@id\":\"https:\/\/rhea-nellen-photography.ch\/#\/schema\/person\/2d6ba87bba45ccebcb1bd8237751806d\",\"name\":\"Rhea\",\"image\":{\"@type\":\"ImageObject\",\"inLanguage\":\"de\",\"@id\":\"https:\/\/rhea-nellen-photography.ch\/#\/schema\/person\/image\/\",\"url\":\"https:\/\/rhea-nellen-photography.ch\/wp-content\/uploads\/2025\/01\/cropped-Tierfotografie-Logo-schwarz.png\",\"contentUrl\":\"https:\/\/rhea-nellen-photography.ch\/wp-content\/uploads\/2025\/01\/cropped-Tierfotografie-Logo-schwarz.png\",\"width\":1618,\"height\":775,\"caption\":\"Rhea\"},\"logo\":{\"@id\":\"https:\/\/rhea-nellen-photography.ch\/#\/schema\/person\/image\/\"},\"sameAs\":[\"https:\/\/www.facebook.com\/rhea.nellen\/\",\"https:\/\/www.instagram.com\/rhea_nellen_dog_photography\/\"]}]}<\/script>\n<!-- \/ Yoast SEO plugin. -->","yoast_head_json":{"title":"Magische Bildverwandlung -","robots":{"index":"index","follow":"follow","max-snippet":"max-snippet:-1","max-image-preview":"max-image-preview:large","max-video-preview":"max-video-preview:-1"},"canonical":"https:\/\/rhea-nellen-photography.ch\/?page_id=5791","og_locale":"de_DE","og_type":"article","og_title":"Magische Bildverwandlung -","og_description":"Magische Bildverwandlung Du tr\u00e4umst von einem einzigartigen Fantasy-Bild deines Vierbeiners? Dann ist dieses Angebot genau das Richtige f\u00fcr dich!Ich w\u00e4hle ein Foto aus unserem gemeinsamen &hellip;","og_url":"https:\/\/rhea-nellen-photography.ch\/?page_id=5791","article_publisher":"https:\/\/www.facebook.com\/rhea.nellen\/","article_modified_time":"2026-01-26T12:23:25+00:00","og_image":[{"width":2000,"height":1334,"url":"https:\/\/rhea-nellen-photography.ch\/wp-content\/uploads\/2025\/01\/rhean-nellen-tierfotoshooting-fantasyfotoshooting-hund-blumen-13.jpg","type":"image\/jpeg"}],"twitter_card":"summary_large_image","twitter_misc":{"Gesch\u00e4tzte Lesezeit":"2\u00a0Minuten"},"schema":{"@context":"https:\/\/schema.org","@graph":[{"@type":"WebPage","@id":"https:\/\/rhea-nellen-photography.ch\/?page_id=5791","url":"https:\/\/rhea-nellen-photography.ch\/?page_id=5791","name":"Magische Bildverwandlung -","isPartOf":{"@id":"https:\/\/rhea-nellen-photography.ch\/#website"},"primaryImageOfPage":{"@id":"https:\/\/rhea-nellen-photography.ch\/?page_id=5791#primaryimage"},"image":{"@id":"https:\/\/rhea-nellen-photography.ch\/?page_id=5791#primaryimage"},"thumbnailUrl":"http:\/\/rhea-nellen-photography.ch\/wp-content\/uploads\/2025\/01\/rhean-nellen-tierfotoshooting-fantasyfotoshooting-hund-blumen-13-960x640.jpg","datePublished":"2023-02-18T20:53:57+00:00","dateModified":"2026-01-26T12:23:25+00:00","breadcrumb":{"@id":"https:\/\/rhea-nellen-photography.ch\/?page_id=5791#breadcrumb"},"inLanguage":"de","potentialAction":[{"@type":"ReadAction","target":["https:\/\/rhea-nellen-photography.ch\/?page_id=5791"]}]},{"@type":"ImageObject","inLanguage":"de","@id":"https:\/\/rhea-nellen-photography.ch\/?page_id=5791#primaryimage","url":"https:\/\/rhea-nellen-photography.ch\/wp-content\/uploads\/2025\/01\/rhean-nellen-tierfotoshooting-fantasyfotoshooting-hund-blumen-13.jpg","contentUrl":"https:\/\/rhea-nellen-photography.ch\/wp-content\/uploads\/2025\/01\/rhean-nellen-tierfotoshooting-fantasyfotoshooting-hund-blumen-13.jpg","width":2000,"height":1334},{"@type":"BreadcrumbList","@id":"https:\/\/rhea-nellen-photography.ch\/?page_id=5791#breadcrumb","itemListElement":[{"@type":"ListItem","position":1,"name":"Startseite","item":"https:\/\/rhea-nellen-photography.ch\/"},{"@type":"ListItem","position":2,"name":"Mein Angebot","item":"https:\/\/rhea-nellen-photography.ch\/?page_id=5757"},{"@type":"ListItem","position":3,"name":"Magische Bildverwandlung"}]},{"@type":"WebSite","@id":"https:\/\/rhea-nellen-photography.ch\/#website","url":"https:\/\/rhea-nellen-photography.ch\/","name":"","description":"Hundefotografie und Pferdefotografie in der Schweiz","publisher":{"@id":"https:\/\/rhea-nellen-photography.ch\/#\/schema\/person\/2d6ba87bba45ccebcb1bd8237751806d"},"potentialAction":[{"@type":"SearchAction","target":{"@type":"EntryPoint","urlTemplate":"https:\/\/rhea-nellen-photography.ch\/?s={search_term_string}"},"query-input":{"@type":"PropertyValueSpecification","valueRequired":true,"valueName":"search_term_string"}}],"inLanguage":"de"},{"@type":["Person","Organization"],"@id":"https:\/\/rhea-nellen-photography.ch\/#\/schema\/person\/2d6ba87bba45ccebcb1bd8237751806d","name":"Rhea","image":{"@type":"ImageObject","inLanguage":"de","@id":"https:\/\/rhea-nellen-photography.ch\/#\/schema\/person\/image\/","url":"https:\/\/rhea-nellen-photography.ch\/wp-content\/uploads\/2025\/01\/cropped-Tierfotografie-Logo-schwarz.png","contentUrl":"https:\/\/rhea-nellen-photography.ch\/wp-content\/uploads\/2025\/01\/cropped-Tierfotografie-Logo-schwarz.png","width":1618,"height":775,"caption":"Rhea"},"logo":{"@id":"https:\/\/rhea-nellen-photography.ch\/#\/schema\/person\/image\/"},"sameAs":["https:\/\/www.facebook.com\/rhea.nellen\/","https:\/\/www.instagram.com\/rhea_nellen_dog_photography\/"]}]}},"_links":{"self":[{"href":"https:\/\/rhea-nellen-photography.ch\/index.php?rest_route=\/wp\/v2\/pages\/5791","targetHints":{"allow":["GET"]}}],"collection":[{"href":"https:\/\/rhea-nellen-photography.ch\/index.php?rest_route=\/wp\/v2\/pages"}],"about":[{"href":"https:\/\/rhea-nellen-photography.ch\/index.php?rest_route=\/wp\/v2\/types\/page"}],"author":[{"embeddable":true,"href":"https:\/\/rhea-nellen-photography.ch\/index.php?rest_route=\/wp\/v2\/users\/1"}],"replies":[{"embeddable":true,"href":"https:\/\/rhea-nellen-photography.ch\/index.php?rest_route=%2Fwp%2Fv2%2Fcomments&post=5791"}],"version-history":[{"count":13,"href":"https:\/\/rhea-nellen-photography.ch\/index.php?rest_route=\/wp\/v2\/pages\/5791\/revisions"}],"predecessor-version":[{"id":9362,"href":"https:\/\/rhea-nellen-photography.ch\/index.php?rest_route=\/wp\/v2\/pages\/5791\/revisions\/9362"}],"up":[{"embeddable":true,"href":"https:\/\/rhea-nellen-photography.ch\/index.php?rest_route=\/wp\/v2\/pages\/5757"}],"wp:attachment":[{"href":"https:\/\/rhea-nellen-photography.ch\/index.php?rest_route=%2Fwp%2Fv2%2Fmedia&parent=5791"}],"curies":[{"name":"wp","href":"https:\/\/api.w.org\/{rel}","templated":true}]}}