{"id":2,"date":"2016-01-26T19:44:29","date_gmt":"2016-01-26T18:44:29","guid":{"rendered":"http:\/\/rhea-nellen-photography.ch\/?page_id=2"},"modified":"2026-01-26T13:08:49","modified_gmt":"2026-01-26T12:08:49","slug":"rhea-nellen-photography-%e2%89%88","status":"publish","type":"page","link":"https:\/\/rhea-nellen-photography.ch\/?page_id=2","title":{"rendered":"\u00dcber mich"},"content":{"rendered":"\n<h3 class=\"wp-block-heading has-text-align-center has-text-color\" style=\"color:#cf9c88\">Tierfotografin Rhea Nellen<\/h3>\n\n\n\n<div class=\"wp-block-columns is-layout-flex wp-container-core-columns-is-layout-9d6595d7 wp-block-columns-is-layout-flex\">\n<div class=\"wp-block-column is-layout-flow wp-block-column-is-layout-flow\">\n<p class=\"has-text-align-center\"><strong><mark style=\"background-color:rgba(0, 0, 0, 0)\" class=\"has-inline-color has-black-color\">\u00dcber mich<\/mark><\/strong><br><mark style=\"background-color:rgba(0, 0, 0, 0);color:#424242\" class=\"has-inline-color\">Ich heisse Rhea Nellen und bin im Z\u00fcrcher Oberland aufgewachsen. Seit 2017 lebe ich im sch\u00f6nen Thurgau mit meinem Hund Benji sowie meinen Ponys Jeannie und Bluey und dem Tinker Wallach Skewby.<br><br>Meine Begeisterung f\u00fcr die Fotografie zeigte sich schon in jungen Jahren. <br>Was zuerst mit Probeshootings an Freunden, Familie und meinen Haustieren begann, wurde zunehmend professioneller, bis ich schliesslich im Jahr 2012 meine erste Stelle als Fotografin bei 20 Minuten\/ Tilllate antreten durfte. Dort konnte ich meine Technik in der Eventfotografie fortlaufend verbessern und auf diversen Veranstaltungen mein Wissen und meine Erfahrung vergr\u00f6\u00dfern.<br><br>Mit dem Ende von Tilllate 2016 konzentrierte ich mich vermehrt auf Fotoshootings mit Zwei- und Vierbeinern. Meine grosse Liebe zu den Tieren beeinflusste mich da nat\u00fcrlich enorm und je l\u00e4nger je mehr wurden die Tiere zu meinen h\u00e4ufigsten Kunden. <br>2021 entschied ich mich dann dazu, ganz auf die Hundefotografie und Pferdefotografie umzusteigen.<br><br>Da ich neben der Fotografie auch als Tierphysiotherapeutin beim <a href=\"https:\/\/www.tierphysioathome.ch\" target=\"_blank\" rel=\"noreferrer noopener\">Tierzentrum BeNe<\/a> und als Hundeern\u00e4hrungsberaterin arbeite, begleiten mich Tiere jeden Tag \u2013 und ich LIEBE das!<\/mark><\/p>\n<\/div>\n<\/div>\n\n\n<div class=\"wp-block-image is-style-default\">\n<figure class=\"aligncenter size-full is-resized\"><img loading=\"lazy\" decoding=\"async\" width=\"2000\" height=\"1476\" src=\"http:\/\/rhea-nellen-photography.ch\/wp-content\/uploads\/2025\/01\/rhea-nellen-tierfotograf-tierfotografin-hundefotograf-hundefotografin-pferdefotograf-pferdefotografin-schweiz-ostschweiz-7.jpg\" alt=\"rhea-nellen-tierfotograf-tierfotografin-hundefotograf-hundefotografin-pferdefotograf-pferdefotografin-schweiz-ostschweiz-7\" class=\"wp-image-7027\" style=\"aspect-ratio:1.3550174780458693;width:400px\"\/><\/figure>\n<\/div>\n\n\n<p class=\"has-text-align-center\"><strong><mark style=\"background-color:rgba(0, 0, 0, 0)\" class=\"has-inline-color has-black-color\">Meine Lieblinge<\/mark><\/strong><br>2011 kam meine Mini Aussie H\u00fcndin Kya zu mir. Sie ist meine aller erste H\u00fcndin und sie war auch mein erstes Hundemodel. <br><br>Nach meinem Physiotherapiestudium kam 2017 mein American Miniature Horse Jeannie dazu. Durch Jeannie habe ich auch die Liebe zur Pferdefotografie entdeckt. <br><br>2019 kam dann Benji, mein zweiter Aussie, zu mir. Er ist mein absolutes Topmodel! Er steht sehr gerne vor der Kamera und macht auch gerne Tricks. Die beste Kombination f\u00fcr eine Hundefotografin!<br><br>Im Sommer 2023 erweiterte sich meine tierische Familie um Skewby, einem 15 J\u00e4hrigen Irish Tinker Wallach und im April 2025 bekam Jeannie ihr Fohlen Blueberry.<br><br>Am 6. Dezember 2025 musste ich Kya schweren Herzens \u00fcber die Regenbogenbr\u00fccke gehen lassen.<\/p>\n\n\n<style type=\"text\/css\">\n#foogallery-gallery-9107.fg-masonry { --fg-gutter: 10px; }<\/style>\n\t\t\t<div class=\"foogallery foogallery-container foogallery-masonry foogallery-lightbox-none fg-center fg-masonry fg-ready fg-light fg-loading-default fg-loaded-fade-in fg-captions-bottom fg-c-c fg-col5\" id=\"foogallery-gallery-9107\" data-foogallery=\"{&quot;item&quot;:{&quot;showCaptionTitle&quot;:false,&quot;showCaptionDescription&quot;:true},&quot;lazy&quot;:true}\" style=\"--fg-title-line-clamp: 1; --fg-description-line-clamp: 2;\" >\n\t\t<div class=\"fg-column-width\"><\/div>\n\t<div class=\"fg-gutter-width\"><\/div>\n\t\t<div class=\"fg-item fg-type-image fg-idle\"><figure class=\"fg-item-inner\"><a data-caption-desc=\"Blueberry  &quot;Bluey&quot;\" data-attachment-id=\"8892\" data-type=\"image\" class=\"fg-thumb\"><span class=\"fg-image-wrap\"><img decoding=\"async\" width=\"250\" height=\"167\" class=\"skip-lazy fg-image\" data-src-fg=\"https:\/\/rhea-nellen-photography.ch\/wp-content\/uploads\/cache\/2022\/09\/rhea-nellen-tierfotoshooting-minihorse-rhean-nellen-tierfotoshooting-pony-rennend\/409754076.jpg\" src=\"data:image\/svg+xml,%3Csvg%20xmlns%3D%22http%3A%2F%2Fwww.w3.org%2F2000%2Fsvg%22%20width%3D%22250%22%20height%3D%22167%22%20viewBox%3D%220%200%20250%20167%22%3E%3C%2Fsvg%3E\" loading=\"eager\"><\/span><span class=\"fg-image-overlay\"><\/span><\/a><figcaption class=\"fg-caption\"><div class=\"fg-caption-inner\"><div class=\"fg-caption-desc\">Blueberry  \"Bluey\"<\/div><\/div><\/figcaption><\/figure><div class=\"fg-loader\"><\/div><\/div><div class=\"fg-item fg-type-image fg-idle\"><figure class=\"fg-item-inner\"><a data-caption-desc=\"Jeannie\" data-attachment-id=\"8899\" data-type=\"image\" class=\"fg-thumb\"><span class=\"fg-image-wrap\"><img decoding=\"async\" width=\"250\" height=\"167\" class=\"skip-lazy fg-image\" data-src-fg=\"https:\/\/rhea-nellen-photography.ch\/wp-content\/uploads\/cache\/2022\/09\/rhean-nellen-tierfotoshooting-pferde-fotoshooting-ostschweiz-zuerich-1\/2474657977.jpg\" src=\"data:image\/svg+xml,%3Csvg%20xmlns%3D%22http%3A%2F%2Fwww.w3.org%2F2000%2Fsvg%22%20width%3D%22250%22%20height%3D%22167%22%20viewBox%3D%220%200%20250%20167%22%3E%3C%2Fsvg%3E\" loading=\"eager\"><\/span><span class=\"fg-image-overlay\"><\/span><\/a><figcaption class=\"fg-caption\"><div class=\"fg-caption-inner\"><div class=\"fg-caption-desc\">Jeannie<\/div><\/div><\/figcaption><\/figure><div class=\"fg-loader\"><\/div><\/div><div class=\"fg-item fg-type-image fg-idle\"><figure class=\"fg-item-inner\"><a data-caption-desc=\"Skewby\" data-attachment-id=\"8859\" data-type=\"image\" class=\"fg-thumb\"><span class=\"fg-image-wrap\"><img fetchpriority=\"high\" decoding=\"async\" width=\"250\" height=\"375\" class=\"skip-lazy fg-image\" data-src-fg=\"https:\/\/rhea-nellen-photography.ch\/wp-content\/uploads\/cache\/2026\/01\/rhean-nellen-tierfotoshooting-schnee-besitzer-pferd-shooting-16\/2491304632.jpg\" src=\"data:image\/svg+xml,%3Csvg%20xmlns%3D%22http%3A%2F%2Fwww.w3.org%2F2000%2Fsvg%22%20width%3D%22250%22%20height%3D%22375%22%20viewBox%3D%220%200%20250%20375%22%3E%3C%2Fsvg%3E\" loading=\"eager\"><\/span><span class=\"fg-image-overlay\"><\/span><\/a><figcaption class=\"fg-caption\"><div class=\"fg-caption-inner\"><div class=\"fg-caption-desc\">Skewby<\/div><\/div><\/figcaption><\/figure><div class=\"fg-loader\"><\/div><\/div><div class=\"fg-item fg-type-image fg-idle\"><figure class=\"fg-item-inner\"><a data-caption-desc=\"Benji\" data-attachment-id=\"8967\" data-type=\"image\" class=\"fg-thumb\"><span class=\"fg-image-wrap\"><img decoding=\"async\" width=\"250\" height=\"167\" class=\"skip-lazy fg-image\" data-src-fg=\"https:\/\/rhea-nellen-photography.ch\/wp-content\/uploads\/cache\/2020\/09\/rhean-nellen-tierfotoshooting-blumenfeld-schlafmohn-aussie-125\/2709272476.jpg\" src=\"data:image\/svg+xml,%3Csvg%20xmlns%3D%22http%3A%2F%2Fwww.w3.org%2F2000%2Fsvg%22%20width%3D%22250%22%20height%3D%22167%22%20viewBox%3D%220%200%20250%20167%22%3E%3C%2Fsvg%3E\" loading=\"eager\"><\/span><span class=\"fg-image-overlay\"><\/span><\/a><figcaption class=\"fg-caption\"><div class=\"fg-caption-inner\"><div class=\"fg-caption-desc\">Benji<\/div><\/div><\/figcaption><\/figure><div class=\"fg-loader\"><\/div><\/div><div class=\"fg-item fg-type-image fg-idle\"><figure class=\"fg-item-inner\"><a data-caption-desc=\"Kya\" data-attachment-id=\"8739\" data-type=\"image\" class=\"fg-thumb\"><span class=\"fg-image-wrap\"><img decoding=\"async\" width=\"250\" height=\"167\" class=\"skip-lazy fg-image\" data-src-fg=\"https:\/\/rhea-nellen-photography.ch\/wp-content\/uploads\/cache\/2026\/01\/rhean-nellen-tierfotografie-zuerich-stadt-fotoshootingg-71\/637270956.jpg\" src=\"data:image\/svg+xml,%3Csvg%20xmlns%3D%22http%3A%2F%2Fwww.w3.org%2F2000%2Fsvg%22%20width%3D%22250%22%20height%3D%22167%22%20viewBox%3D%220%200%20250%20167%22%3E%3C%2Fsvg%3E\" loading=\"eager\"><\/span><span class=\"fg-image-overlay\"><\/span><\/a><figcaption class=\"fg-caption\"><div class=\"fg-caption-inner\"><div class=\"fg-caption-desc\">Kya<\/div><\/div><\/figcaption><\/figure><div class=\"fg-loader\"><\/div><\/div><\/div>\n\n\n\n<div style=\"height:60px\" aria-hidden=\"true\" class=\"wp-block-spacer\"><\/div>\n\n\n\n<p class=\"has-text-align-center\"><strong><mark style=\"background-color:rgba(0, 0, 0, 0)\" class=\"has-inline-color has-black-color\">Meine Fotos<\/mark><\/strong><br>Ich w\u00fcrde meinen Fotostil als vertr\u00e4umt und m\u00e4rchenhaft beschreiben. Ich mag kr\u00e4ftige Farben und verspieltes Licht. Gerne setzte ich meine Models auch einmal in einen Bl\u00fctenbusch, um eine sch\u00f6ne Umrandung zu bekommen oder ich lasse sie in einer atemberaubenden Landschaft posieren. <br><br>Ich m\u00f6chte meine tierischen Shootingpartner so nat\u00fcrlich wie m\u00f6glich ablichten. D.h.ich versuche den Charakter oder die besonderen Eigenheiten jedes Tieres hervorzuheben. Egal ob der Hund nur &#8222;faul&#8220; rumliegen m\u00f6chte oder tausend Tricks anbietet, mit viel Geduld, Einfallsreichtum und Herzlichkeit bekomme ich immer ein bezauberndes Foto hin.<\/p>\n\n\n\n<figure class=\"wp-block-image size-full is-style-default\"><img loading=\"lazy\" decoding=\"async\" width=\"2000\" height=\"939\" src=\"http:\/\/rhea-nellen-photography.ch\/wp-content\/uploads\/2026\/01\/rhean-nellen-tierfotoshooting-fotoshooting-berge-hund-sonnenaufgang-63.jpg\" alt=\"\" class=\"wp-image-8993\" srcset=\"https:\/\/rhea-nellen-photography.ch\/wp-content\/uploads\/2026\/01\/rhean-nellen-tierfotoshooting-fotoshooting-berge-hund-sonnenaufgang-63.jpg 2000w, https:\/\/rhea-nellen-photography.ch\/wp-content\/uploads\/2026\/01\/rhean-nellen-tierfotoshooting-fotoshooting-berge-hund-sonnenaufgang-63-595x279.jpg 595w, https:\/\/rhea-nellen-photography.ch\/wp-content\/uploads\/2026\/01\/rhean-nellen-tierfotoshooting-fotoshooting-berge-hund-sonnenaufgang-63-960x451.jpg 960w, https:\/\/rhea-nellen-photography.ch\/wp-content\/uploads\/2026\/01\/rhean-nellen-tierfotoshooting-fotoshooting-berge-hund-sonnenaufgang-63-1536x721.jpg 1536w, https:\/\/rhea-nellen-photography.ch\/wp-content\/uploads\/2026\/01\/rhean-nellen-tierfotoshooting-fotoshooting-berge-hund-sonnenaufgang-63-128x60.jpg 128w\" sizes=\"auto, (max-width: 2000px) 100vw, 2000px\" \/><\/figure>\n","protected":false},"excerpt":{"rendered":"<p>Tierfotografin Rhea Nellen \u00dcber michIch heisse Rhea Nellen und bin im Z\u00fcrcher Oberland aufgewachsen. Seit 2017 lebe ich im sch\u00f6nen Thurgau mit meinem Hund Benji &hellip; <\/p>\n","protected":false},"author":1,"featured_media":0,"parent":0,"menu_order":2,"comment_status":"closed","ping_status":"closed","template":"","meta":{"footnotes":""},"class_list":["post-2","page","type-page","status-publish","hentry","latest_post"],"yoast_head":"<!-- This site is optimized with the Yoast SEO plugin v26.8 - https:\/\/yoast.com\/product\/yoast-seo-wordpress\/ -->\n<title>\u00dcber mich -<\/title>\n<meta name=\"description\" content=\"Ihre Fotografin f\u00fcr Tierfotoshootings mit Hunden und Pferden. Buchen Sie: Portraitfoto, Outdoor-Fotoshooting, Indoor-Fotoshooting in der Schweiz\" \/>\n<meta name=\"robots\" content=\"index, follow, max-snippet:-1, max-image-preview:large, max-video-preview:-1\" \/>\n<link rel=\"canonical\" href=\"https:\/\/rhea-nellen-photography.ch\/?page_id=2\" \/>\n<meta property=\"og:locale\" content=\"de_DE\" \/>\n<meta property=\"og:type\" content=\"article\" \/>\n<meta property=\"og:title\" content=\"Hundefotografin Rhea Nellen\" \/>\n<meta property=\"og:description\" content=\"Ihre Fotografin f\u00fcr Tierfotoshootings mit Hunden und Pferden. Buchen Sie: Portraitfoto, Outdoor-Fotoshooting, Indoor-Fotoshooting in der Schweiz\" \/>\n<meta property=\"og:url\" content=\"https:\/\/rhea-nellen-photography.ch\/?page_id=2\" \/>\n<meta property=\"article:publisher\" content=\"https:\/\/www.facebook.com\/rhea.nellen\/\" \/>\n<meta property=\"article:modified_time\" content=\"2026-01-26T12:08:49+00:00\" \/>\n<meta name=\"twitter:card\" content=\"summary_large_image\" \/>\n<meta name=\"twitter:image\" content=\"https:\/\/rhea-nellen-photography.ch\/wp-content\/uploads\/2025\/01\/rhea-nellen-tierfotograf-tierfotografin-hundefotograf-hundefotografin-pferdefotograf-pferdefotografin-schweiz-ostschweiz-7.jpg\" \/>\n<meta name=\"twitter:label1\" content=\"Gesch\u00e4tzte Lesezeit\" \/>\n\t<meta name=\"twitter:data1\" content=\"3\u00a0Minuten\" \/>\n<script type=\"application\/ld+json\" class=\"yoast-schema-graph\">{\"@context\":\"https:\/\/schema.org\",\"@graph\":[{\"@type\":\"WebPage\",\"@id\":\"https:\/\/rhea-nellen-photography.ch\/?page_id=2\",\"url\":\"https:\/\/rhea-nellen-photography.ch\/?page_id=2\",\"name\":\"\u00dcber mich -\",\"isPartOf\":{\"@id\":\"https:\/\/rhea-nellen-photography.ch\/#website\"},\"primaryImageOfPage\":{\"@id\":\"https:\/\/rhea-nellen-photography.ch\/?page_id=2#primaryimage\"},\"image\":{\"@id\":\"https:\/\/rhea-nellen-photography.ch\/?page_id=2#primaryimage\"},\"thumbnailUrl\":\"http:\/\/rhea-nellen-photography.ch\/wp-content\/uploads\/2025\/01\/rhea-nellen-tierfotograf-tierfotografin-hundefotograf-hundefotografin-pferdefotograf-pferdefotografin-schweiz-ostschweiz-7.jpg\",\"datePublished\":\"2016-01-26T18:44:29+00:00\",\"dateModified\":\"2026-01-26T12:08:49+00:00\",\"description\":\"Ihre Fotografin f\u00fcr Tierfotoshootings mit Hunden und Pferden. Buchen Sie: Portraitfoto, Outdoor-Fotoshooting, Indoor-Fotoshooting in der Schweiz\",\"breadcrumb\":{\"@id\":\"https:\/\/rhea-nellen-photography.ch\/?page_id=2#breadcrumb\"},\"inLanguage\":\"de\",\"potentialAction\":[{\"@type\":\"ReadAction\",\"target\":[\"https:\/\/rhea-nellen-photography.ch\/?page_id=2\"]}]},{\"@type\":\"ImageObject\",\"inLanguage\":\"de\",\"@id\":\"https:\/\/rhea-nellen-photography.ch\/?page_id=2#primaryimage\",\"url\":\"http:\/\/rhea-nellen-photography.ch\/wp-content\/uploads\/2025\/01\/rhea-nellen-tierfotograf-tierfotografin-hundefotograf-hundefotografin-pferdefotograf-pferdefotografin-schweiz-ostschweiz-7.jpg\",\"contentUrl\":\"http:\/\/rhea-nellen-photography.ch\/wp-content\/uploads\/2025\/01\/rhea-nellen-tierfotograf-tierfotografin-hundefotograf-hundefotografin-pferdefotograf-pferdefotografin-schweiz-ostschweiz-7.jpg\"},{\"@type\":\"BreadcrumbList\",\"@id\":\"https:\/\/rhea-nellen-photography.ch\/?page_id=2#breadcrumb\",\"itemListElement\":[{\"@type\":\"ListItem\",\"position\":1,\"name\":\"Startseite\",\"item\":\"https:\/\/rhea-nellen-photography.ch\/\"},{\"@type\":\"ListItem\",\"position\":2,\"name\":\"\u00dcber mich\"}]},{\"@type\":\"WebSite\",\"@id\":\"https:\/\/rhea-nellen-photography.ch\/#website\",\"url\":\"https:\/\/rhea-nellen-photography.ch\/\",\"name\":\"\",\"description\":\"Hundefotografie und Pferdefotografie in der Schweiz\",\"publisher\":{\"@id\":\"https:\/\/rhea-nellen-photography.ch\/#\/schema\/person\/2d6ba87bba45ccebcb1bd8237751806d\"},\"potentialAction\":[{\"@type\":\"SearchAction\",\"target\":{\"@type\":\"EntryPoint\",\"urlTemplate\":\"https:\/\/rhea-nellen-photography.ch\/?s={search_term_string}\"},\"query-input\":{\"@type\":\"PropertyValueSpecification\",\"valueRequired\":true,\"valueName\":\"search_term_string\"}}],\"inLanguage\":\"de\"},{\"@type\":[\"Person\",\"Organization\"],\"@id\":\"https:\/\/rhea-nellen-photography.ch\/#\/schema\/person\/2d6ba87bba45ccebcb1bd8237751806d\",\"name\":\"Rhea\",\"image\":{\"@type\":\"ImageObject\",\"inLanguage\":\"de\",\"@id\":\"https:\/\/rhea-nellen-photography.ch\/#\/schema\/person\/image\/\",\"url\":\"https:\/\/rhea-nellen-photography.ch\/wp-content\/uploads\/2025\/01\/cropped-Tierfotografie-Logo-schwarz.png\",\"contentUrl\":\"https:\/\/rhea-nellen-photography.ch\/wp-content\/uploads\/2025\/01\/cropped-Tierfotografie-Logo-schwarz.png\",\"width\":1618,\"height\":775,\"caption\":\"Rhea\"},\"logo\":{\"@id\":\"https:\/\/rhea-nellen-photography.ch\/#\/schema\/person\/image\/\"},\"sameAs\":[\"https:\/\/www.facebook.com\/rhea.nellen\/\",\"https:\/\/www.instagram.com\/rhea_nellen_dog_photography\/\"]}]}<\/script>\n<!-- \/ Yoast SEO plugin. -->","yoast_head_json":{"title":"\u00dcber mich -","description":"Ihre Fotografin f\u00fcr Tierfotoshootings mit Hunden und Pferden. Buchen Sie: Portraitfoto, Outdoor-Fotoshooting, Indoor-Fotoshooting in der Schweiz","robots":{"index":"index","follow":"follow","max-snippet":"max-snippet:-1","max-image-preview":"max-image-preview:large","max-video-preview":"max-video-preview:-1"},"canonical":"https:\/\/rhea-nellen-photography.ch\/?page_id=2","og_locale":"de_DE","og_type":"article","og_title":"Hundefotografin Rhea Nellen","og_description":"Ihre Fotografin f\u00fcr Tierfotoshootings mit Hunden und Pferden. Buchen Sie: Portraitfoto, Outdoor-Fotoshooting, Indoor-Fotoshooting in der Schweiz","og_url":"https:\/\/rhea-nellen-photography.ch\/?page_id=2","article_publisher":"https:\/\/www.facebook.com\/rhea.nellen\/","article_modified_time":"2026-01-26T12:08:49+00:00","twitter_card":"summary_large_image","twitter_image":"https:\/\/rhea-nellen-photography.ch\/wp-content\/uploads\/2025\/01\/rhea-nellen-tierfotograf-tierfotografin-hundefotograf-hundefotografin-pferdefotograf-pferdefotografin-schweiz-ostschweiz-7.jpg","twitter_misc":{"Gesch\u00e4tzte Lesezeit":"3\u00a0Minuten"},"schema":{"@context":"https:\/\/schema.org","@graph":[{"@type":"WebPage","@id":"https:\/\/rhea-nellen-photography.ch\/?page_id=2","url":"https:\/\/rhea-nellen-photography.ch\/?page_id=2","name":"\u00dcber mich -","isPartOf":{"@id":"https:\/\/rhea-nellen-photography.ch\/#website"},"primaryImageOfPage":{"@id":"https:\/\/rhea-nellen-photography.ch\/?page_id=2#primaryimage"},"image":{"@id":"https:\/\/rhea-nellen-photography.ch\/?page_id=2#primaryimage"},"thumbnailUrl":"http:\/\/rhea-nellen-photography.ch\/wp-content\/uploads\/2025\/01\/rhea-nellen-tierfotograf-tierfotografin-hundefotograf-hundefotografin-pferdefotograf-pferdefotografin-schweiz-ostschweiz-7.jpg","datePublished":"2016-01-26T18:44:29+00:00","dateModified":"2026-01-26T12:08:49+00:00","description":"Ihre Fotografin f\u00fcr Tierfotoshootings mit Hunden und Pferden. Buchen Sie: Portraitfoto, Outdoor-Fotoshooting, Indoor-Fotoshooting in der Schweiz","breadcrumb":{"@id":"https:\/\/rhea-nellen-photography.ch\/?page_id=2#breadcrumb"},"inLanguage":"de","potentialAction":[{"@type":"ReadAction","target":["https:\/\/rhea-nellen-photography.ch\/?page_id=2"]}]},{"@type":"ImageObject","inLanguage":"de","@id":"https:\/\/rhea-nellen-photography.ch\/?page_id=2#primaryimage","url":"http:\/\/rhea-nellen-photography.ch\/wp-content\/uploads\/2025\/01\/rhea-nellen-tierfotograf-tierfotografin-hundefotograf-hundefotografin-pferdefotograf-pferdefotografin-schweiz-ostschweiz-7.jpg","contentUrl":"http:\/\/rhea-nellen-photography.ch\/wp-content\/uploads\/2025\/01\/rhea-nellen-tierfotograf-tierfotografin-hundefotograf-hundefotografin-pferdefotograf-pferdefotografin-schweiz-ostschweiz-7.jpg"},{"@type":"BreadcrumbList","@id":"https:\/\/rhea-nellen-photography.ch\/?page_id=2#breadcrumb","itemListElement":[{"@type":"ListItem","position":1,"name":"Startseite","item":"https:\/\/rhea-nellen-photography.ch\/"},{"@type":"ListItem","position":2,"name":"\u00dcber mich"}]},{"@type":"WebSite","@id":"https:\/\/rhea-nellen-photography.ch\/#website","url":"https:\/\/rhea-nellen-photography.ch\/","name":"","description":"Hundefotografie und Pferdefotografie in der Schweiz","publisher":{"@id":"https:\/\/rhea-nellen-photography.ch\/#\/schema\/person\/2d6ba87bba45ccebcb1bd8237751806d"},"potentialAction":[{"@type":"SearchAction","target":{"@type":"EntryPoint","urlTemplate":"https:\/\/rhea-nellen-photography.ch\/?s={search_term_string}"},"query-input":{"@type":"PropertyValueSpecification","valueRequired":true,"valueName":"search_term_string"}}],"inLanguage":"de"},{"@type":["Person","Organization"],"@id":"https:\/\/rhea-nellen-photography.ch\/#\/schema\/person\/2d6ba87bba45ccebcb1bd8237751806d","name":"Rhea","image":{"@type":"ImageObject","inLanguage":"de","@id":"https:\/\/rhea-nellen-photography.ch\/#\/schema\/person\/image\/","url":"https:\/\/rhea-nellen-photography.ch\/wp-content\/uploads\/2025\/01\/cropped-Tierfotografie-Logo-schwarz.png","contentUrl":"https:\/\/rhea-nellen-photography.ch\/wp-content\/uploads\/2025\/01\/cropped-Tierfotografie-Logo-schwarz.png","width":1618,"height":775,"caption":"Rhea"},"logo":{"@id":"https:\/\/rhea-nellen-photography.ch\/#\/schema\/person\/image\/"},"sameAs":["https:\/\/www.facebook.com\/rhea.nellen\/","https:\/\/www.instagram.com\/rhea_nellen_dog_photography\/"]}]}},"_links":{"self":[{"href":"https:\/\/rhea-nellen-photography.ch\/index.php?rest_route=\/wp\/v2\/pages\/2","targetHints":{"allow":["GET"]}}],"collection":[{"href":"https:\/\/rhea-nellen-photography.ch\/index.php?rest_route=\/wp\/v2\/pages"}],"about":[{"href":"https:\/\/rhea-nellen-photography.ch\/index.php?rest_route=\/wp\/v2\/types\/page"}],"author":[{"embeddable":true,"href":"https:\/\/rhea-nellen-photography.ch\/index.php?rest_route=\/wp\/v2\/users\/1"}],"replies":[{"embeddable":true,"href":"https:\/\/rhea-nellen-photography.ch\/index.php?rest_route=%2Fwp%2Fv2%2Fcomments&post=2"}],"version-history":[{"count":246,"href":"https:\/\/rhea-nellen-photography.ch\/index.php?rest_route=\/wp\/v2\/pages\/2\/revisions"}],"predecessor-version":[{"id":9354,"href":"https:\/\/rhea-nellen-photography.ch\/index.php?rest_route=\/wp\/v2\/pages\/2\/revisions\/9354"}],"wp:attachment":[{"href":"https:\/\/rhea-nellen-photography.ch\/index.php?rest_route=%2Fwp%2Fv2%2Fmedia&parent=2"}],"curies":[{"name":"wp","href":"https:\/\/api.w.org\/{rel}","templated":true}]}}